{"id":737,"date":"2022-11-15T13:42:07","date_gmt":"2022-11-15T12:42:07","guid":{"rendered":"https:\/\/www.algaesthetic.pl\/?page_id=737"},"modified":"2025-04-25T18:14:59","modified_gmt":"2025-04-25T16:14:59","slug":"makijaz-kolorowy","status":"publish","type":"page","link":"https:\/\/www.algaesthetic.pl\/index.php\/makijaz-kolorowy\/","title":{"rendered":"Makija\u017c kolorowy"},"content":{"rendered":"<div class=\"wp-block-image is-style-rounded\">\n<figure class=\"aligncenter size-full is-resized\"><img loading=\"lazy\" decoding=\"async\" width=\"781\" height=\"781\" src=\"https:\/\/www.algaesthetic.pl\/wp-content\/uploads\/2022\/11\/puder-edited.png\" alt=\"\" class=\"wp-image-1548\" style=\"width:270px;height:270px\" srcset=\"https:\/\/www.algaesthetic.pl\/wp-content\/uploads\/2022\/11\/puder-edited.png 781w, https:\/\/www.algaesthetic.pl\/wp-content\/uploads\/2022\/11\/puder-edited-300x300.png 300w, https:\/\/www.algaesthetic.pl\/wp-content\/uploads\/2022\/11\/puder-edited-150x150.png 150w, https:\/\/www.algaesthetic.pl\/wp-content\/uploads\/2022\/11\/puder-edited-768x768.png 768w, https:\/\/www.algaesthetic.pl\/wp-content\/uploads\/2022\/11\/puder-edited-60x60.png 60w\" sizes=\"auto, (max-width: 781px) 100vw, 781px\" \/><\/figure>\n<\/div>\n\n\n<p><strong>MAKIJA\u017b KOLOROWY<\/strong><\/p>\n\n\n\n<p>W dzisiejszym \u015bwiecie po\u017c\u0105danym efektem makija\u017cu jest d\u0105\u017cenie do doskona\u0142o\u015bci wygl\u0105du, do aktualnego kanonu pi\u0119kna i urody. Makija\u017c pozwala na wyeksponowanie jej atut\u00f3w, zamaskowanie niedoskona\u0142o\u015bci, wydobycie subtelno\u015bci, jak i wyostrzenie rys\u00f3w. Dzi\u0119ki rozmaitym technikom makija\u017c daje mo\u017cliwo\u015b\u0107 stworzenia wygl\u0105du twarzy idealnej i zdrowej.<\/p>\n\n\n\n<p><strong>Makija\u017c dzienny<\/strong> to to bardzo naturalna technika podkre\u015blaj\u0105ca urod\u0119, wydobywaj\u0105ca z niej pi\u0119kno, tuszuj\u0105ca niedoskona\u0142o\u015bci. Pasuje do ka\u017cdego stroju, fryzury i okazji.<br><strong>1h \/ 160z\u0142<\/strong><\/p>\n\n\n\n<p><strong>Makija\u017c wieczorowy<\/strong> pozwala poczu\u0107 si\u0119 wyj\u0105tkowo i ekstrawagancko. Cechuje go intensywno\u015b\u0107 kolor\u00f3w z jednoczesn\u0105 subtelno\u015bci\u0105 i zmys\u0142owo\u015bci\u0105. Zazwyczaj wzbogacony jest o sztuczne rz\u0119sy, kt\u00f3re wie\u0144cz\u0105 dzie\u0142o oka, dodaj\u0105c spojrzeniu g\u0142\u0119bi.<br><strong>1h \/ 200 z\u0142<\/strong><\/p>\n\n\n\n<p><strong>Makija\u017c \u015blubny<\/strong> zazwyczaj jest dopasowany do urody panny m\u0142odej. Wydobywa jej pi\u0119kno, delikatno\u015b\u0107 i \u015bwie\u017co\u015b\u0107. Stonowany w barwach, \u015bwietlisty i promienny. Zwykle opraw\u0119 oka wyka\u0144czamy k\u0119pkami sztucznych rz\u0119s, kt\u00f3re pi\u0119knie wyka\u0144czaj\u0105 ca\u0142y look.<br><strong>1h \/ 170z\u0142<\/strong><\/p>\n\n\n\n<p><strong>Makija\u017c pr\u00f3bny<\/strong> daje nam mo\u017cliwo\u015b\u0107 zapoznania si\u0119 ze stanem sk\u00f3ry, przygotowaniem jej do makija\u017cu oraz dobraniem odpowiedniej piel\u0119gnacji. Stwarza klientce mo\u017cliwo\u015b\u0107 przetestowania trwa\u0142o\u015bci jak i poczucia w danym makija\u017cu.<br><strong>1h \/ 160 z\u0142<\/strong><\/p>\n\n\n\n<p><strong>Makija\u017c sylwestrowy<\/strong> nacechowany intensywno\u015bci\u0105 i blaskiem. Zbli\u017cony do makija\u017cu wieczorowego z dodatkow\u0105 form\u0105 kresek linerowych, d\u0142ugich rz\u0119s a nawet brokatu, czy cyrkonii.<br><strong>1h15min \/ 200 z\u0142<\/strong><\/p>\n","protected":false},"excerpt":{"rendered":"<p>MAKIJA\u017b KOLOROWY W dzisiejszym \u015bwiecie po\u017c\u0105danym efektem makija\u017cu jest d\u0105\u017cenie do doskona\u0142o\u015bci wygl\u0105du, do aktualnego kanonu pi\u0119kna i urody. Makija\u017c pozwala na wyeksponowanie jej atut\u00f3w, zamaskowanie niedoskona\u0142o\u015bci, wydobycie subtelno\u015bci, jak &hellip; <\/p>\n","protected":false},"author":1,"featured_media":152,"parent":0,"menu_order":0,"comment_status":"closed","ping_status":"closed","template":"","meta":{"footnotes":""},"class_list":["post-737","page","type-page","status-publish","has-post-thumbnail","hentry"],"_links":{"self":[{"href":"https:\/\/www.algaesthetic.pl\/index.php\/wp-json\/wp\/v2\/pages\/737","targetHints":{"allow":["GET"]}}],"collection":[{"href":"https:\/\/www.algaesthetic.pl\/index.php\/wp-json\/wp\/v2\/pages"}],"about":[{"href":"https:\/\/www.algaesthetic.pl\/index.php\/wp-json\/wp\/v2\/types\/page"}],"author":[{"embeddable":true,"href":"https:\/\/www.algaesthetic.pl\/index.php\/wp-json\/wp\/v2\/users\/1"}],"replies":[{"embeddable":true,"href":"https:\/\/www.algaesthetic.pl\/index.php\/wp-json\/wp\/v2\/comments?post=737"}],"version-history":[{"count":10,"href":"https:\/\/www.algaesthetic.pl\/index.php\/wp-json\/wp\/v2\/pages\/737\/revisions"}],"predecessor-version":[{"id":2109,"href":"https:\/\/www.algaesthetic.pl\/index.php\/wp-json\/wp\/v2\/pages\/737\/revisions\/2109"}],"wp:featuredmedia":[{"embeddable":true,"href":"https:\/\/www.algaesthetic.pl\/index.php\/wp-json\/wp\/v2\/media\/152"}],"wp:attachment":[{"href":"https:\/\/www.algaesthetic.pl\/index.php\/wp-json\/wp\/v2\/media?parent=737"}],"curies":[{"name":"wp","href":"https:\/\/api.w.org\/{rel}","templated":true}]}}