{"id":727,"date":"2022-11-15T13:38:28","date_gmt":"2022-11-15T12:38:28","guid":{"rendered":"https:\/\/www.algaesthetic.pl\/?page_id=727"},"modified":"2022-12-05T17:21:42","modified_gmt":"2022-12-05T16:21:42","slug":"kosmetologia-pielegnacyjna","status":"publish","type":"page","link":"https:\/\/www.algaesthetic.pl\/index.php\/kosmetologia-pielegnacyjna\/","title":{"rendered":"Kosmetologia piel\u0119gnacyjna"},"content":{"rendered":"\n<p>Aby poprawnie korzysta\u0107 z menu, <br>prosz\u0119 dotkn\u0105\u0107 strza\u0142ki znajduj\u0105cej si\u0119 <br>przy ka\u017cdej us\u0142udze.<\/p>\n\n\n\n<figure class=\"wp-block-image size-large\"><img loading=\"lazy\" decoding=\"async\" width=\"494\" height=\"1024\" src=\"https:\/\/www.algaesthetic.pl\/wp-content\/uploads\/2022\/12\/IMG_20221205_171742-494x1024.jpg\" alt=\"\" class=\"wp-image-1844\" srcset=\"https:\/\/www.algaesthetic.pl\/wp-content\/uploads\/2022\/12\/IMG_20221205_171742-494x1024.jpg 494w, https:\/\/www.algaesthetic.pl\/wp-content\/uploads\/2022\/12\/IMG_20221205_171742-145x300.jpg 145w, https:\/\/www.algaesthetic.pl\/wp-content\/uploads\/2022\/12\/IMG_20221205_171742-29x60.jpg 29w, https:\/\/www.algaesthetic.pl\/wp-content\/uploads\/2022\/12\/IMG_20221205_171742.jpg 643w\" sizes=\"auto, (max-width: 494px) 100vw, 494px\" \/><\/figure>\n","protected":false},"excerpt":{"rendered":"<p>Aby poprawnie korzysta\u0107 z menu, prosz\u0119 dotkn\u0105\u0107 strza\u0142ki znajduj\u0105cej si\u0119 przy ka\u017cdej us\u0142udze.<\/p>\n","protected":false},"author":1,"featured_media":152,"parent":0,"menu_order":0,"comment_status":"closed","ping_status":"closed","template":"","meta":{"footnotes":""},"class_list":["post-727","page","type-page","status-publish","has-post-thumbnail","hentry"],"_links":{"self":[{"href":"https:\/\/www.algaesthetic.pl\/index.php\/wp-json\/wp\/v2\/pages\/727","targetHints":{"allow":["GET"]}}],"collection":[{"href":"https:\/\/www.algaesthetic.pl\/index.php\/wp-json\/wp\/v2\/pages"}],"about":[{"href":"https:\/\/www.algaesthetic.pl\/index.php\/wp-json\/wp\/v2\/types\/page"}],"author":[{"embeddable":true,"href":"https:\/\/www.algaesthetic.pl\/index.php\/wp-json\/wp\/v2\/users\/1"}],"replies":[{"embeddable":true,"href":"https:\/\/www.algaesthetic.pl\/index.php\/wp-json\/wp\/v2\/comments?post=727"}],"version-history":[{"count":3,"href":"https:\/\/www.algaesthetic.pl\/index.php\/wp-json\/wp\/v2\/pages\/727\/revisions"}],"predecessor-version":[{"id":1847,"href":"https:\/\/www.algaesthetic.pl\/index.php\/wp-json\/wp\/v2\/pages\/727\/revisions\/1847"}],"wp:featuredmedia":[{"embeddable":true,"href":"https:\/\/www.algaesthetic.pl\/index.php\/wp-json\/wp\/v2\/media\/152"}],"wp:attachment":[{"href":"https:\/\/www.algaesthetic.pl\/index.php\/wp-json\/wp\/v2\/media?parent=727"}],"curies":[{"name":"wp","href":"https:\/\/api.w.org\/{rel}","templated":true}]}}