{"id":686,"date":"2022-11-14T10:03:45","date_gmt":"2022-11-14T09:03:45","guid":{"rendered":"https:\/\/www.algaesthetic.pl\/?page_id=686"},"modified":"2025-04-25T18:36:21","modified_gmt":"2025-04-25T16:36:21","slug":"depilacja-ciala","status":"publish","type":"page","link":"https:\/\/www.algaesthetic.pl\/index.php\/depilacja-ciala\/","title":{"rendered":"Depilacja cia\u0142a"},"content":{"rendered":"<div class=\"wp-block-image is-style-rounded\">\n<figure class=\"aligncenter size-full is-resized\"><img loading=\"lazy\" decoding=\"async\" width=\"644\" height=\"428\" src=\"https:\/\/www.algaesthetic.pl\/wp-content\/uploads\/2022\/11\/wosk.jpg\" alt=\"\" class=\"wp-image-1336\" style=\"width:270px;height:270px\" srcset=\"https:\/\/www.algaesthetic.pl\/wp-content\/uploads\/2022\/11\/wosk.jpg 644w, https:\/\/www.algaesthetic.pl\/wp-content\/uploads\/2022\/11\/wosk-300x199.jpg 300w, https:\/\/www.algaesthetic.pl\/wp-content\/uploads\/2022\/11\/wosk-90x60.jpg 90w, https:\/\/www.algaesthetic.pl\/wp-content\/uploads\/2022\/11\/wosk-370x247.jpg 370w\" sizes=\"auto, (max-width: 644px) 100vw, 644px\" \/><\/figure>\n<\/div>\n\n\n<p><strong>DEPILACJA WOSKIEM<\/strong><\/p>\n\n\n\n<p>Zabieg, dzi\u0119ki kt\u00f3remu mo\u017cna szybko i skutecznie usun\u0105\u0107 w\u0142osy z prawie ka\u017cdej cz\u0119\u015bci cia\u0142a. Najpopularniejsze jej typy to woskowanie pod pachami, woskowanie brazylijskie, woskowanie linii bikini, woskowanie plec\u00f3w, woskowanie p\u00f3\u0142 &#8211; i pe\u0142nej nogi oraz woskowanie p\u00f3\u0142 &#8211; i pe\u0142noramienne i inne.<\/p>\n\n\n\n<p>Do depilacji cia\u0142a wykorzystujemy woski naturalne mi\u0119kkie i twarde.<\/p>\n\n\n\n<h3 class=\"wp-block-heading\">Depilacja woskiem twardym lub mi\u0119kkim:<\/h3>\n\n\n\n<ul class=\"wp-block-list\">\n<li>baki &#8211; <strong>35 z\u0142<\/strong><\/li>\n\n\n\n<li>broda &#8211; <strong>25 z\u0142<\/strong><\/li>\n\n\n\n<li>w\u0105s &#8211; <strong>18 z\u0142<\/strong><\/li>\n\n\n\n<li>otwory nosowe &#8211; <strong>30 z\u0142<\/strong><\/li>\n\n\n\n<li>otwory uszne &#8211; <strong>30 z\u0142<\/strong><\/li>\n\n\n\n<li>bikini cz\u0119\u015bciowe &#8211;<strong> 75 z\u0142<\/strong><\/li>\n\n\n\n<li>bikini pe\u0142ne &#8211; <strong>90 z\u0142<\/strong><\/li>\n\n\n\n<li>bikini brazylijskie+ (szpara po\u015bladkowa) &#8211; <strong>100 z\u0142<\/strong><\/li>\n\n\n\n<li>nogi &#8211; <strong>150 z\u0142<\/strong><\/li>\n\n\n\n<li>\u0142ydki- <strong>65 z\u0142<\/strong><\/li>\n\n\n\n<li>uda- <strong>75 z\u0142<\/strong><\/li>\n\n\n\n<li>pachy- <strong>45 z\u0142<\/strong><\/li>\n\n\n\n<li>plecy &#8211; od <strong>90 z\u0142<\/strong><\/li>\n\n\n\n<li>klatka piersiowa 90 z\u0142<\/li>\n\n\n\n<li>r\u0119ce &#8211; <strong>60z\u0142<\/strong><\/li>\n\n\n\n<li>m\u0119ski zarost na twarzy &#8211; <strong>90 z\u0142<\/strong><\/li>\n<\/ul>\n\n\n\n<p><\/p>\n\n\n\n<p><\/p>\n","protected":false},"excerpt":{"rendered":"<p>DEPILACJA WOSKIEM Zabieg, dzi\u0119ki kt\u00f3remu mo\u017cna szybko i skutecznie usun\u0105\u0107 w\u0142osy z prawie ka\u017cdej cz\u0119\u015bci cia\u0142a. Najpopularniejsze jej typy to woskowanie pod pachami, woskowanie brazylijskie, woskowanie linii bikini, woskowanie plec\u00f3w, &hellip; <\/p>\n","protected":false},"author":1,"featured_media":152,"parent":0,"menu_order":0,"comment_status":"closed","ping_status":"closed","template":"","meta":{"footnotes":""},"class_list":["post-686","page","type-page","status-publish","has-post-thumbnail","hentry"],"_links":{"self":[{"href":"https:\/\/www.algaesthetic.pl\/index.php\/wp-json\/wp\/v2\/pages\/686","targetHints":{"allow":["GET"]}}],"collection":[{"href":"https:\/\/www.algaesthetic.pl\/index.php\/wp-json\/wp\/v2\/pages"}],"about":[{"href":"https:\/\/www.algaesthetic.pl\/index.php\/wp-json\/wp\/v2\/types\/page"}],"author":[{"embeddable":true,"href":"https:\/\/www.algaesthetic.pl\/index.php\/wp-json\/wp\/v2\/users\/1"}],"replies":[{"embeddable":true,"href":"https:\/\/www.algaesthetic.pl\/index.php\/wp-json\/wp\/v2\/comments?post=686"}],"version-history":[{"count":13,"href":"https:\/\/www.algaesthetic.pl\/index.php\/wp-json\/wp\/v2\/pages\/686\/revisions"}],"predecessor-version":[{"id":2118,"href":"https:\/\/www.algaesthetic.pl\/index.php\/wp-json\/wp\/v2\/pages\/686\/revisions\/2118"}],"wp:featuredmedia":[{"embeddable":true,"href":"https:\/\/www.algaesthetic.pl\/index.php\/wp-json\/wp\/v2\/media\/152"}],"wp:attachment":[{"href":"https:\/\/www.algaesthetic.pl\/index.php\/wp-json\/wp\/v2\/media?parent=686"}],"curies":[{"name":"wp","href":"https:\/\/api.w.org\/{rel}","templated":true}]}}