{"id":573,"date":"2022-11-10T20:43:23","date_gmt":"2022-11-10T19:43:23","guid":{"rendered":"https:\/\/www.algaesthetic.pl\/?page_id=573"},"modified":"2024-02-02T10:49:56","modified_gmt":"2024-02-02T09:49:56","slug":"oenanthe","status":"publish","type":"page","link":"https:\/\/www.algaesthetic.pl\/index.php\/oenanthe\/","title":{"rendered":"Oenanthe"},"content":{"rendered":"\n<p><strong>OENANTHE<\/strong><\/p>\n\n\n\n<p>To pierwszy biopeeling anti- aging zawieraj\u0105cy ekstrakt Oenanthe i ozonowan\u0105 oliw\u0119 z oliwek. W jego sk\u0142adzie znajduje si\u0119 r\u00f3wnie\u017c kwas pirogronowy, azelinowy i migda\u0142owy. Dzi\u0119ki tej mieszance peeling ten spowalnia procesy starzenia si\u0119 sk\u00f3ry, zapewniaj\u0105c intensywne napi\u0119cie i jej dotlenienie. Polecany jest g\u0142\u00f3wnie dla cer dojrza\u0142ych z oznakami starzenia si\u0119 i brakiem g\u0119sto\u015bci w sk\u00f3rze.<br><br><strong>Dzia\u0142anie:<\/strong><\/p>\n\n\n\n<ul class=\"wp-block-list\">\n<li>liftinguj\u0105ce<\/li>\n\n\n\n<li>wygladzajace<\/li>\n\n\n\n<li>biorewitalizuj\u0105ce<\/li>\n\n\n\n<li>dotleniaj\u0105ce<\/li>\n\n\n\n<li>oczyszczaj\u0105ce<\/li>\n\n\n\n<li>nawil\u017caj\u0105ce<\/li>\n<\/ul>\n\n\n\n<p><strong>Koszt pojedynczego zabiegu:<\/strong><\/p>\n\n\n\n<ul class=\"wp-block-list\">\n<li>twarz <strong> 220 z\u0142<\/strong><\/li>\n\n\n\n<li>twarz + szyja <strong>270 z\u0142<\/strong><\/li>\n\n\n\n<li>twarz + szyja + dekolt <strong>330 z\u0142<\/strong><\/li>\n\n\n\n<li>seria 2 i wi\u0119cej <strong>280 z\u0142<\/strong><\/li>\n\n\n\n<li>z mezoterapi\u0105 <strong>+200 z\u0142<\/strong><\/li>\n\n\n\n<li>z oczyszczaniem wodorowym <strong>+250 z\u0142<\/strong><\/li>\n<\/ul>\n\n\n\n<p><strong>Ten peeling mo\u017cna wykonywa\u0107 bez wzgl\u0119du na por\u0119 roku!<\/strong><\/p>\n","protected":false},"excerpt":{"rendered":"<p>OENANTHE To pierwszy biopeeling anti- aging zawieraj\u0105cy ekstrakt Oenanthe i ozonowan\u0105 oliw\u0119 z oliwek. W jego sk\u0142adzie znajduje si\u0119 r\u00f3wnie\u017c kwas pirogronowy, azelinowy i migda\u0142owy. Dzi\u0119ki tej mieszance peeling ten &hellip; <\/p>\n","protected":false},"author":1,"featured_media":152,"parent":0,"menu_order":0,"comment_status":"closed","ping_status":"closed","template":"","meta":{"footnotes":""},"class_list":["post-573","page","type-page","status-publish","has-post-thumbnail","hentry"],"_links":{"self":[{"href":"https:\/\/www.algaesthetic.pl\/index.php\/wp-json\/wp\/v2\/pages\/573","targetHints":{"allow":["GET"]}}],"collection":[{"href":"https:\/\/www.algaesthetic.pl\/index.php\/wp-json\/wp\/v2\/pages"}],"about":[{"href":"https:\/\/www.algaesthetic.pl\/index.php\/wp-json\/wp\/v2\/types\/page"}],"author":[{"embeddable":true,"href":"https:\/\/www.algaesthetic.pl\/index.php\/wp-json\/wp\/v2\/users\/1"}],"replies":[{"embeddable":true,"href":"https:\/\/www.algaesthetic.pl\/index.php\/wp-json\/wp\/v2\/comments?post=573"}],"version-history":[{"count":9,"href":"https:\/\/www.algaesthetic.pl\/index.php\/wp-json\/wp\/v2\/pages\/573\/revisions"}],"predecessor-version":[{"id":2009,"href":"https:\/\/www.algaesthetic.pl\/index.php\/wp-json\/wp\/v2\/pages\/573\/revisions\/2009"}],"wp:featuredmedia":[{"embeddable":true,"href":"https:\/\/www.algaesthetic.pl\/index.php\/wp-json\/wp\/v2\/media\/152"}],"wp:attachment":[{"href":"https:\/\/www.algaesthetic.pl\/index.php\/wp-json\/wp\/v2\/media?parent=573"}],"curies":[{"name":"wp","href":"https:\/\/api.w.org\/{rel}","templated":true}]}}