{"id":402,"date":"2022-11-03T00:19:34","date_gmt":"2022-11-02T23:19:34","guid":{"rendered":"https:\/\/www.algaesthetic.pl\/?page_id=402"},"modified":"2025-04-25T17:00:42","modified_gmt":"2025-04-25T15:00:42","slug":"light-up-eye","status":"publish","type":"page","link":"https:\/\/www.algaesthetic.pl\/index.php\/light-up-eye\/","title":{"rendered":"Light-up eye Charmine Rose"},"content":{"rendered":"<div class=\"wp-block-image is-style-rounded\">\n<figure class=\"aligncenter size-full is-resized\"><img loading=\"lazy\" decoding=\"async\" width=\"538\" height=\"310\" src=\"https:\/\/www.algaesthetic.pl\/wp-content\/uploads\/2022\/11\/45856529_1796183243842696_3709511430479806464_n-e1668884847356-edited.jpg\" alt=\"\" class=\"wp-image-1090\" style=\"width:495px;height:285px\" srcset=\"https:\/\/www.algaesthetic.pl\/wp-content\/uploads\/2022\/11\/45856529_1796183243842696_3709511430479806464_n-e1668884847356-edited.jpg 538w, https:\/\/www.algaesthetic.pl\/wp-content\/uploads\/2022\/11\/45856529_1796183243842696_3709511430479806464_n-e1668884847356-edited-300x173.jpg 300w, https:\/\/www.algaesthetic.pl\/wp-content\/uploads\/2022\/11\/45856529_1796183243842696_3709511430479806464_n-e1668884847356-edited-104x60.jpg 104w\" sizes=\"auto, (max-width: 538px) 100vw, 538px\" \/><\/figure>\n<\/div>\n\n\n<p><br><strong>LIGHT UP EYE CHARMINE ROSE<\/strong><\/p>\n\n\n\n<p>Kompleksowy, intensywny zabieg na zmiany sk\u00f3rne wok\u00f3\u0142 oczu o silnych w\u0142a\u015bciwo\u015bciach rozja\u015bniaj\u0105cych i drenuj\u0105cych Preparaty wchodz\u0105ce w sk\u0142ad zabiegu s\u0105 bogate w skoncentrowan\u0105 i dwupostaciow\u0105 witamin\u0119 C, mi\u0142orz\u0105b japo\u0144ski, arginin\u0119, kofein\u0119 kwas laktobionowy i kwas hialuronowy. Biologicznie czynne sk\u0142adniki pozwalaj\u0105 na uzyskanie natychmiastowego efektu rozja\u015bnienia cieni i przebarwie\u0144, usuni\u0119cie opuchlizny, a tak\u017ce wzmocnienie i uelastycznienie naczy\u0144 w\u0142osowatych delikatnej sk\u00f3ry wok\u00f3\u0142 oczu.<\/p>\n\n\n\n<p><strong>Wskazania:<\/strong><\/p>\n\n\n\n<ul class=\"wp-block-list\">\n<li>cienie i przebarwienia<\/li>\n\n\n\n<li>opuchni\u0119cia<\/li>\n\n\n\n<li>utrata spr\u0119\u017cysto\u015bci i g\u0119sto\u015bci<\/li>\n\n\n\n<li>zmarszczki mimiczne<\/li>\n<\/ul>\n\n\n\n<p><strong>Cena: 40min \/ 65z\u0142<\/strong><\/p>\n","protected":false},"excerpt":{"rendered":"<p>LIGHT UP EYE CHARMINE ROSE Kompleksowy, intensywny zabieg na zmiany sk\u00f3rne wok\u00f3\u0142 oczu o silnych w\u0142a\u015bciwo\u015bciach rozja\u015bniaj\u0105cych i drenuj\u0105cych Preparaty wchodz\u0105ce w sk\u0142ad zabiegu s\u0105 bogate w skoncentrowan\u0105 i dwupostaciow\u0105 &hellip; <\/p>\n","protected":false},"author":1,"featured_media":152,"parent":0,"menu_order":0,"comment_status":"closed","ping_status":"closed","template":"","meta":{"footnotes":""},"class_list":["post-402","page","type-page","status-publish","has-post-thumbnail","hentry"],"_links":{"self":[{"href":"https:\/\/www.algaesthetic.pl\/index.php\/wp-json\/wp\/v2\/pages\/402","targetHints":{"allow":["GET"]}}],"collection":[{"href":"https:\/\/www.algaesthetic.pl\/index.php\/wp-json\/wp\/v2\/pages"}],"about":[{"href":"https:\/\/www.algaesthetic.pl\/index.php\/wp-json\/wp\/v2\/types\/page"}],"author":[{"embeddable":true,"href":"https:\/\/www.algaesthetic.pl\/index.php\/wp-json\/wp\/v2\/users\/1"}],"replies":[{"embeddable":true,"href":"https:\/\/www.algaesthetic.pl\/index.php\/wp-json\/wp\/v2\/comments?post=402"}],"version-history":[{"count":16,"href":"https:\/\/www.algaesthetic.pl\/index.php\/wp-json\/wp\/v2\/pages\/402\/revisions"}],"predecessor-version":[{"id":2076,"href":"https:\/\/www.algaesthetic.pl\/index.php\/wp-json\/wp\/v2\/pages\/402\/revisions\/2076"}],"wp:featuredmedia":[{"embeddable":true,"href":"https:\/\/www.algaesthetic.pl\/index.php\/wp-json\/wp\/v2\/media\/152"}],"wp:attachment":[{"href":"https:\/\/www.algaesthetic.pl\/index.php\/wp-json\/wp\/v2\/media?parent=402"}],"curies":[{"name":"wp","href":"https:\/\/api.w.org\/{rel}","templated":true}]}}