{"id":394,"date":"2022-11-03T00:17:04","date_gmt":"2022-11-02T23:17:04","guid":{"rendered":"https:\/\/www.algaesthetic.pl\/?page_id=394"},"modified":"2025-04-25T17:05:53","modified_gmt":"2025-04-25T15:05:53","slug":"witamina-c-forte-peel","status":"publish","type":"page","link":"https:\/\/www.algaesthetic.pl\/index.php\/witamina-c-forte-peel\/","title":{"rendered":"Witamina C Forte Peel Yonelle"},"content":{"rendered":"<div class=\"wp-block-image is-style-rounded\">\n<figure class=\"aligncenter size-full is-resized\"><img loading=\"lazy\" decoding=\"async\" width=\"390\" height=\"390\" src=\"https:\/\/www.algaesthetic.pl\/wp-content\/uploads\/2022\/11\/VIT.-C-FORTE-PEEL-INTERNET-1024x682-1-1-600x390-1-edited.jpg\" alt=\"\" class=\"wp-image-1681\" style=\"width:270px;height:270px\" srcset=\"https:\/\/www.algaesthetic.pl\/wp-content\/uploads\/2022\/11\/VIT.-C-FORTE-PEEL-INTERNET-1024x682-1-1-600x390-1-edited.jpg 390w, https:\/\/www.algaesthetic.pl\/wp-content\/uploads\/2022\/11\/VIT.-C-FORTE-PEEL-INTERNET-1024x682-1-1-600x390-1-edited-300x300.jpg 300w, https:\/\/www.algaesthetic.pl\/wp-content\/uploads\/2022\/11\/VIT.-C-FORTE-PEEL-INTERNET-1024x682-1-1-600x390-1-edited-150x150.jpg 150w, https:\/\/www.algaesthetic.pl\/wp-content\/uploads\/2022\/11\/VIT.-C-FORTE-PEEL-INTERNET-1024x682-1-1-600x390-1-edited-60x60.jpg 60w\" sizes=\"auto, (max-width: 390px) 100vw, 390px\" \/><\/figure>\n<\/div>\n\n\n<p><strong>WITAMINA C FORTE PEEL YONELLE<\/strong><\/p>\n\n\n\n<p>Zabieg roz\u015bwietlaj\u0105cy i od\u015bwie\u017caj\u0105cy wygl\u0105d sk\u00f3ry z INFUZYJN\u0104 20% WITAMIN\u0104 C FORTE\u2122 i kwasem migda\u0142owym to ca\u0142oroczny zabieg do ka\u017cdego rodzaju sk\u00f3ry, polecany do cery mieszanej, problematycznej, z przebarwieniami pos\u0142onecznymi i pozapalnymi. Zabieg b\u0142yskawicznie od\u015bwie\u017ca, rewitalizuje, widocznie zw\u0119\u017ca pory oraz ujednolica koloryt cery. Dzi\u0119ki INFUZYJNEJ 20% WITAMINIE C FORTE\u2122 na sk\u00f3rze pojawia si\u0119 spektakularny efekt \u201eflash\u201d. Idealny zabieg \u201eprzed wyj\u015bciem\u201d z efektem na drugi dzie\u0144, ekspresowo poprawiaj\u0105cy wygl\u0105d i daj\u0105cy efekt liftingu.<\/p>\n\n\n\n<p><strong>Cena : 1h45min \/ 240 z\u0142<\/strong><\/p>\n","protected":false},"excerpt":{"rendered":"<p>WITAMINA C FORTE PEEL YONELLE Zabieg roz\u015bwietlaj\u0105cy i od\u015bwie\u017caj\u0105cy wygl\u0105d sk\u00f3ry z INFUZYJN\u0104 20% WITAMIN\u0104 C FORTE\u2122 i kwasem migda\u0142owym to ca\u0142oroczny zabieg do ka\u017cdego rodzaju sk\u00f3ry, polecany do cery &hellip; <\/p>\n","protected":false},"author":1,"featured_media":152,"parent":0,"menu_order":0,"comment_status":"closed","ping_status":"closed","template":"","meta":{"footnotes":""},"class_list":["post-394","page","type-page","status-publish","has-post-thumbnail","hentry"],"_links":{"self":[{"href":"https:\/\/www.algaesthetic.pl\/index.php\/wp-json\/wp\/v2\/pages\/394","targetHints":{"allow":["GET"]}}],"collection":[{"href":"https:\/\/www.algaesthetic.pl\/index.php\/wp-json\/wp\/v2\/pages"}],"about":[{"href":"https:\/\/www.algaesthetic.pl\/index.php\/wp-json\/wp\/v2\/types\/page"}],"author":[{"embeddable":true,"href":"https:\/\/www.algaesthetic.pl\/index.php\/wp-json\/wp\/v2\/users\/1"}],"replies":[{"embeddable":true,"href":"https:\/\/www.algaesthetic.pl\/index.php\/wp-json\/wp\/v2\/comments?post=394"}],"version-history":[{"count":8,"href":"https:\/\/www.algaesthetic.pl\/index.php\/wp-json\/wp\/v2\/pages\/394\/revisions"}],"predecessor-version":[{"id":2079,"href":"https:\/\/www.algaesthetic.pl\/index.php\/wp-json\/wp\/v2\/pages\/394\/revisions\/2079"}],"wp:featuredmedia":[{"embeddable":true,"href":"https:\/\/www.algaesthetic.pl\/index.php\/wp-json\/wp\/v2\/media\/152"}],"wp:attachment":[{"href":"https:\/\/www.algaesthetic.pl\/index.php\/wp-json\/wp\/v2\/media?parent=394"}],"curies":[{"name":"wp","href":"https:\/\/api.w.org\/{rel}","templated":true}]}}