{"id":367,"date":"2022-11-03T00:12:22","date_gmt":"2022-11-02T23:12:22","guid":{"rendered":"https:\/\/www.algaesthetic.pl\/?page_id=367"},"modified":"2025-04-25T18:30:47","modified_gmt":"2025-04-25T16:30:47","slug":"henna-pudrowa-brwi","status":"publish","type":"page","link":"https:\/\/www.algaesthetic.pl\/index.php\/henna-pudrowa-brwi\/","title":{"rendered":"Henna brwi i rz\u0119s"},"content":{"rendered":"<div class=\"wp-block-image is-style-rounded\">\n<figure class=\"aligncenter size-large is-resized\"><img loading=\"lazy\" decoding=\"async\" width=\"780\" height=\"780\" src=\"https:\/\/www.algaesthetic.pl\/wp-content\/uploads\/2022\/11\/IMG-20221128-WA0000-edited.jpg\" alt=\"\" class=\"wp-image-1759\" style=\"width:270px;height:270px\" srcset=\"https:\/\/www.algaesthetic.pl\/wp-content\/uploads\/2022\/11\/IMG-20221128-WA0000-edited.jpg 780w, https:\/\/www.algaesthetic.pl\/wp-content\/uploads\/2022\/11\/IMG-20221128-WA0000-edited-300x300.jpg 300w, https:\/\/www.algaesthetic.pl\/wp-content\/uploads\/2022\/11\/IMG-20221128-WA0000-edited-150x150.jpg 150w, https:\/\/www.algaesthetic.pl\/wp-content\/uploads\/2022\/11\/IMG-20221128-WA0000-edited-768x768.jpg 768w, https:\/\/www.algaesthetic.pl\/wp-content\/uploads\/2022\/11\/IMG-20221128-WA0000-edited-60x60.jpg 60w\" sizes=\"auto, (max-width: 780px) 100vw, 780px\" \/><\/figure>\n<\/div>\n\n\n<p><strong>HENNA PUDROWA BRWI<\/strong><\/p>\n\n\n\n<p>To innowacyjna metoda koloryzacji i stylizacji, w ca\u0142o\u015bci oparta na naturalnych sk\u0142adnikach. Dzi\u0119ki pudrowej hennie kolor i kszta\u0142t brwi zostanie uwydatniony, a w\u0142oski stan\u0105 si\u0119 silne i od\u017cywione.<\/p>\n\n\n\n<p>Browxenna:<\/p>\n\n\n\n<ul class=\"wp-block-list\">\n<li>pozyskiwana jest z ro\u015bliny Lawsonia Inermis<\/li>\n\n\n\n<li>farbuje zar\u00f3wno brwi jak i sk\u00f3r\u0119<\/li>\n\n\n\n<li>wyst\u0119puje zawsze w formie proszku<\/li>\n\n\n\n<li>do jej rozmieszania u\u017cywamy wody r\u00f3\u017canej, a nie wody utlenionej, otula w\u0142os, tworz\u0105c na powierzchni warstw\u0119 ochronn\u0105<\/li>\n<\/ul>\n\n\n\n<p><strong>Korzy\u015bci:<\/strong><\/p>\n\n\n\n<ul class=\"wp-block-list\">\n<li>kolor utrzymuje si\u0119 na w\u0142oskach do 8 tygodni<\/li>\n\n\n\n<li>pozostaje na sk\u00f3rze do 10 dni<\/li>\n\n\n\n<li>jest wiele odcieni, kt\u00f3re mo\u017cna ze sob\u0105 \u0142\u0105czy\u0107<\/li>\n\n\n\n<li>ma\u0142e ryzyko wyst\u0105pienia alergii<\/li>\n\n\n\n<li>od\u017cywienie i wzmocnienie w\u0142osk\u00f3w<\/li>\n<\/ul>\n\n\n\n<p><strong>Przeciwwskazania:<\/strong><\/p>\n\n\n\n<ul class=\"wp-block-list\">\n<li>stany zapalne oczu, powiek, okolic brwi<\/li>\n\n\n\n<li>choroby sk\u00f3rne<\/li>\n\n\n\n<li>niedawno wykonane zabiegi z\u0142uszczaj\u0105ce nask\u00f3rek<\/li>\n<\/ul>\n\n\n\n<p><strong>Cena:<\/strong> <strong>45min \/ 95z\u0142<\/strong><\/p>\n\n\n\n<p><\/p>\n\n\n\n<p><strong>HENNA BRWI<\/strong> <strong>Z REGULACJ\u0104<\/strong><\/p>\n\n\n\n<p><strong>Cena: 20min \/ 45z\u0142<\/strong><\/p>\n\n\n\n<p><\/p>\n\n\n\n<p><strong>HENNA RZ\u0118S<\/strong><\/p>\n\n\n\n<p><strong>Cena: 15min \/ 45z\u0142<\/strong><\/p>\n\n\n\n<p><\/p>\n\n\n\n<p><strong>HENNA BRWI I RZ\u0118S<\/strong><\/p>\n\n\n\n<p><strong>Cena: 25min \/  65z\u0142<\/strong><\/p>\n\n\n\n<p><\/p>\n\n\n\n<p><strong>REGULACJA BRWI<\/strong><\/p>\n\n\n\n<p><strong>Cena: 8min \/ 20 z\u0142<\/strong><\/p>\n","protected":false},"excerpt":{"rendered":"<p>HENNA PUDROWA BRWI To innowacyjna metoda koloryzacji i stylizacji, w ca\u0142o\u015bci oparta na naturalnych sk\u0142adnikach. Dzi\u0119ki pudrowej hennie kolor i kszta\u0142t brwi zostanie uwydatniony, a w\u0142oski stan\u0105 si\u0119 silne i &hellip; <\/p>\n","protected":false},"author":1,"featured_media":152,"parent":0,"menu_order":0,"comment_status":"closed","ping_status":"closed","template":"","meta":{"footnotes":""},"class_list":["post-367","page","type-page","status-publish","has-post-thumbnail","hentry"],"_links":{"self":[{"href":"https:\/\/www.algaesthetic.pl\/index.php\/wp-json\/wp\/v2\/pages\/367","targetHints":{"allow":["GET"]}}],"collection":[{"href":"https:\/\/www.algaesthetic.pl\/index.php\/wp-json\/wp\/v2\/pages"}],"about":[{"href":"https:\/\/www.algaesthetic.pl\/index.php\/wp-json\/wp\/v2\/types\/page"}],"author":[{"embeddable":true,"href":"https:\/\/www.algaesthetic.pl\/index.php\/wp-json\/wp\/v2\/users\/1"}],"replies":[{"embeddable":true,"href":"https:\/\/www.algaesthetic.pl\/index.php\/wp-json\/wp\/v2\/comments?post=367"}],"version-history":[{"count":23,"href":"https:\/\/www.algaesthetic.pl\/index.php\/wp-json\/wp\/v2\/pages\/367\/revisions"}],"predecessor-version":[{"id":2116,"href":"https:\/\/www.algaesthetic.pl\/index.php\/wp-json\/wp\/v2\/pages\/367\/revisions\/2116"}],"wp:featuredmedia":[{"embeddable":true,"href":"https:\/\/www.algaesthetic.pl\/index.php\/wp-json\/wp\/v2\/media\/152"}],"wp:attachment":[{"href":"https:\/\/www.algaesthetic.pl\/index.php\/wp-json\/wp\/v2\/media?parent=367"}],"curies":[{"name":"wp","href":"https:\/\/api.w.org\/{rel}","templated":true}]}}