{"id":327,"date":"2022-11-02T23:30:40","date_gmt":"2022-11-02T22:30:40","guid":{"rendered":"https:\/\/www.algaesthetic.pl\/?page_id=327"},"modified":"2025-04-25T17:03:44","modified_gmt":"2025-04-25T15:03:44","slug":"active-energy-vit-c-forte","status":"publish","type":"page","link":"https:\/\/www.algaesthetic.pl\/index.php\/active-energy-vit-c-forte\/","title":{"rendered":"Active Energy Wit C Forte Yonelle"},"content":{"rendered":"<div class=\"wp-block-image is-style-rounded\">\n<figure class=\"aligncenter size-full is-resized\"><img loading=\"lazy\" decoding=\"async\" width=\"390\" height=\"390\" src=\"https:\/\/www.algaesthetic.pl\/wp-content\/uploads\/2022\/11\/active-energy-c-vit-forte-1-600x390-1-edited.jpg\" alt=\"\" class=\"wp-image-1377\" style=\"width:270px;height:270px\" srcset=\"https:\/\/www.algaesthetic.pl\/wp-content\/uploads\/2022\/11\/active-energy-c-vit-forte-1-600x390-1-edited.jpg 390w, https:\/\/www.algaesthetic.pl\/wp-content\/uploads\/2022\/11\/active-energy-c-vit-forte-1-600x390-1-edited-300x300.jpg 300w, https:\/\/www.algaesthetic.pl\/wp-content\/uploads\/2022\/11\/active-energy-c-vit-forte-1-600x390-1-edited-150x150.jpg 150w, https:\/\/www.algaesthetic.pl\/wp-content\/uploads\/2022\/11\/active-energy-c-vit-forte-1-600x390-1-edited-60x60.jpg 60w\" sizes=\"auto, (max-width: 390px) 100vw, 390px\" \/><\/figure>\n<\/div>\n\n\n<p><strong>ACTIVE ENERGY WIT C FORTE YONELLE<\/strong><br>Superluksusowy zabieg do ka\u017cdego rodzaju sk\u00f3ry zestresowanej i zm\u0119czonej o niezwykle relaksuj\u0105cym przebiegu i holistycznym dzia\u0142aniu na sk\u00f3r\u0119 i zmys\u0142y. Zabieg hamuje procesy starzenia si\u0119 sk\u00f3ry i pobudza j\u0105 do samoregeneracji. Widoczny i odczuwalny jest efekt roz\u015bwietlenia i liftingu.<\/p>\n\n\n\n<p>Zabieg wykorzystuje multistymuluj\u0105ce dzia\u0142anie dw\u00f3ch aktywnych ampu\u0142ek i dw\u00f3ch nowatorskich masek przeplatanych masa\u017cem twarzy, szyi, dekoltu i karku, w tym r\u00f3wnie\u017c autorski masa\u017c drenuj\u0105cy z wykorzystaniem dw\u00f3ch ultramasa\u017cer\u00f3w YONELLE. Specjalnie dobrane masa\u017ce pomagaj\u0105 pozby\u0107 si\u0119 skutk\u00f3w stresu, rozlu\u017aniaj\u0105 powsta\u0142e napi\u0119cia mi\u0119\u015bniowe, przynosz\u0105 ulg\u0119, a luksusowe nuty zapachowe, zastosowane w nowych produktach, wp\u0142ywaj\u0105 na pozytywne samopoczucie i dobry nastr\u00f3j. <\/p>\n\n\n\n<p><strong>Cena: 1h45min \/ 240 z\u0142<\/strong><\/p>\n\n\n\n<p><\/p>\n","protected":false},"excerpt":{"rendered":"<p>ACTIVE ENERGY WIT C FORTE YONELLESuperluksusowy zabieg do ka\u017cdego rodzaju sk\u00f3ry zestresowanej i zm\u0119czonej o niezwykle relaksuj\u0105cym przebiegu i holistycznym dzia\u0142aniu na sk\u00f3r\u0119 i zmys\u0142y. Zabieg hamuje procesy starzenia si\u0119 &hellip; <\/p>\n","protected":false},"author":1,"featured_media":152,"parent":0,"menu_order":0,"comment_status":"closed","ping_status":"closed","template":"","meta":{"footnotes":""},"class_list":["post-327","page","type-page","status-publish","has-post-thumbnail","hentry"],"_links":{"self":[{"href":"https:\/\/www.algaesthetic.pl\/index.php\/wp-json\/wp\/v2\/pages\/327","targetHints":{"allow":["GET"]}}],"collection":[{"href":"https:\/\/www.algaesthetic.pl\/index.php\/wp-json\/wp\/v2\/pages"}],"about":[{"href":"https:\/\/www.algaesthetic.pl\/index.php\/wp-json\/wp\/v2\/types\/page"}],"author":[{"embeddable":true,"href":"https:\/\/www.algaesthetic.pl\/index.php\/wp-json\/wp\/v2\/users\/1"}],"replies":[{"embeddable":true,"href":"https:\/\/www.algaesthetic.pl\/index.php\/wp-json\/wp\/v2\/comments?post=327"}],"version-history":[{"count":21,"href":"https:\/\/www.algaesthetic.pl\/index.php\/wp-json\/wp\/v2\/pages\/327\/revisions"}],"predecessor-version":[{"id":2078,"href":"https:\/\/www.algaesthetic.pl\/index.php\/wp-json\/wp\/v2\/pages\/327\/revisions\/2078"}],"wp:featuredmedia":[{"embeddable":true,"href":"https:\/\/www.algaesthetic.pl\/index.php\/wp-json\/wp\/v2\/media\/152"}],"wp:attachment":[{"href":"https:\/\/www.algaesthetic.pl\/index.php\/wp-json\/wp\/v2\/media?parent=327"}],"curies":[{"name":"wp","href":"https:\/\/api.w.org\/{rel}","templated":true}]}}