{"id":323,"date":"2022-11-02T23:29:06","date_gmt":"2022-11-02T22:29:06","guid":{"rendered":"https:\/\/www.algaesthetic.pl\/?page_id=323"},"modified":"2025-04-25T16:57:35","modified_gmt":"2025-04-25T14:57:35","slug":"g-factors-multi-level-skin-care","status":"publish","type":"page","link":"https:\/\/www.algaesthetic.pl\/index.php\/g-factors-multi-level-skin-care\/","title":{"rendered":"G-Factors Charmin Rose"},"content":{"rendered":"<div class=\"wp-block-image is-style-rounded\">\n<figure class=\"aligncenter size-full is-resized\"><img loading=\"lazy\" decoding=\"async\" width=\"689\" height=\"713\" src=\"https:\/\/www.algaesthetic.pl\/wp-content\/uploads\/2022\/11\/sjdhd.jpg\" alt=\"\" class=\"wp-image-989\" style=\"width:270px;height:270px\" srcset=\"https:\/\/www.algaesthetic.pl\/wp-content\/uploads\/2022\/11\/sjdhd.jpg 689w, https:\/\/www.algaesthetic.pl\/wp-content\/uploads\/2022\/11\/sjdhd-290x300.jpg 290w, https:\/\/www.algaesthetic.pl\/wp-content\/uploads\/2022\/11\/sjdhd-58x60.jpg 58w\" sizes=\"auto, (max-width: 689px) 100vw, 689px\" \/><\/figure>\n<\/div>\n\n\n<p><strong>ZABIEG G-FACTORS CHARMIN ROSE<\/strong><\/p>\n\n\n\n<p>Ekskluzywny zabieg oparty na nowatorskiej technologii \u0142\u0105cz\u0105cej sze\u015b\u0107 czynnik\u00f3w wzrostu. <br>Niezwykle skuteczna piel\u0119gnacja anti-aging oparta na nowoczesnych surowcach kosmetycznych.<br>Jest idealn\u0105 propozycj\u0105 dla sk\u00f3r trac\u0105cych j\u0119drno\u015b\u0107, elastyczno\u015b\u0107 oraz odwodnionych. Kompleks APB \u0142\u0105czy a\u017c sze\u015b\u0107 odm\u0142adzaj\u0105cych czynnik\u00f3w wzrostu z atelokolagenem i kwasem hialuronowym o trzech masach cz\u0105steczkowych. Bogate receptury i rozbudowana procedura zabiegowa przynosz\u0105 natychmiastowe efekty wyg\u0142adzenia, g\u0142\u0119bokiego nawil\u017cenia i poprawy elastyczno\u015bci sk\u00f3ry z jednoczesnym uczuciem odpr\u0119\u017cenia i relaksu. Wykonanie serii zabieg\u00f3w oraz stosowanie piel\u0119gnacji domowej z linii G-Factors sprawia, \u017ce cera nabiera zdrowego wygl\u0105du i blasku.<\/p>\n\n\n\n<p><strong>Cena: 1h30 min \/ 190z\u0142<\/strong><\/p>\n","protected":false},"excerpt":{"rendered":"<p>ZABIEG G-FACTORS CHARMIN ROSE Ekskluzywny zabieg oparty na nowatorskiej technologii \u0142\u0105cz\u0105cej sze\u015b\u0107 czynnik\u00f3w wzrostu. Niezwykle skuteczna piel\u0119gnacja anti-aging oparta na nowoczesnych surowcach kosmetycznych.Jest idealn\u0105 propozycj\u0105 dla sk\u00f3r trac\u0105cych j\u0119drno\u015b\u0107, elastyczno\u015b\u0107 &hellip; <\/p>\n","protected":false},"author":1,"featured_media":152,"parent":0,"menu_order":0,"comment_status":"closed","ping_status":"closed","template":"","meta":{"footnotes":""},"class_list":["post-323","page","type-page","status-publish","has-post-thumbnail","hentry"],"_links":{"self":[{"href":"https:\/\/www.algaesthetic.pl\/index.php\/wp-json\/wp\/v2\/pages\/323","targetHints":{"allow":["GET"]}}],"collection":[{"href":"https:\/\/www.algaesthetic.pl\/index.php\/wp-json\/wp\/v2\/pages"}],"about":[{"href":"https:\/\/www.algaesthetic.pl\/index.php\/wp-json\/wp\/v2\/types\/page"}],"author":[{"embeddable":true,"href":"https:\/\/www.algaesthetic.pl\/index.php\/wp-json\/wp\/v2\/users\/1"}],"replies":[{"embeddable":true,"href":"https:\/\/www.algaesthetic.pl\/index.php\/wp-json\/wp\/v2\/comments?post=323"}],"version-history":[{"count":20,"href":"https:\/\/www.algaesthetic.pl\/index.php\/wp-json\/wp\/v2\/pages\/323\/revisions"}],"predecessor-version":[{"id":2072,"href":"https:\/\/www.algaesthetic.pl\/index.php\/wp-json\/wp\/v2\/pages\/323\/revisions\/2072"}],"wp:featuredmedia":[{"embeddable":true,"href":"https:\/\/www.algaesthetic.pl\/index.php\/wp-json\/wp\/v2\/media\/152"}],"wp:attachment":[{"href":"https:\/\/www.algaesthetic.pl\/index.php\/wp-json\/wp\/v2\/media?parent=323"}],"curies":[{"name":"wp","href":"https:\/\/api.w.org\/{rel}","templated":true}]}}