{"id":291,"date":"2022-11-02T23:13:31","date_gmt":"2022-11-02T22:13:31","guid":{"rendered":"https:\/\/www.algaesthetic.pl\/?page_id=291"},"modified":"2025-04-25T17:29:34","modified_gmt":"2025-04-25T15:29:34","slug":"masaz-mintanao-nowosc","status":"publish","type":"page","link":"https:\/\/www.algaesthetic.pl\/index.php\/masaz-mintanao-nowosc\/","title":{"rendered":"Mintanao"},"content":{"rendered":"<div class=\"wp-block-image is-style-rounded\">\n<figure class=\"aligncenter size-large is-resized\"><img loading=\"lazy\" decoding=\"async\" width=\"1005\" height=\"1024\" src=\"https:\/\/www.algaesthetic.pl\/wp-content\/uploads\/2022\/11\/mintanao-1005x1024.png\" alt=\"\" class=\"wp-image-1243\" style=\"width:270px;height:270px\" srcset=\"https:\/\/www.algaesthetic.pl\/wp-content\/uploads\/2022\/11\/mintanao-1005x1024.png 1005w, https:\/\/www.algaesthetic.pl\/wp-content\/uploads\/2022\/11\/mintanao-294x300.png 294w, https:\/\/www.algaesthetic.pl\/wp-content\/uploads\/2022\/11\/mintanao-768x783.png 768w, https:\/\/www.algaesthetic.pl\/wp-content\/uploads\/2022\/11\/mintanao-59x60.png 59w, https:\/\/www.algaesthetic.pl\/wp-content\/uploads\/2022\/11\/mintanao.png 1057w\" sizes=\"auto, (max-width: 1005px) 100vw, 1005px\" \/><\/figure>\n<\/div>\n\n\n<p><strong>MASA\u017b MINTANAO<\/strong><br>To rozbudowany masa\u017c twarzy, szyi i dekoltu \u0142\u0105cz\u0105cy techniki Thai Aroma Face Massage z elementami drena\u017cu limfatycznego, refleksologii, masa\u017cu klasycznego i stymulacji nerwu tr\u00f3jdzielnego.<br>Relaksuje cia\u0142o i umys\u0142, dzia\u0142a antydepresyjnie, a efekty terapeutyczne, kt\u00f3re przynosi odczuwalne s\u0105 jeszcze d\u0142ugo po zako\u0144czeniu zabiegu.<br>Refleksologia, aromaterapia, g\u0142\u0119boko stymuluj\u0105ce ruchy, pobudzenie zmys\u0142\u00f3w, \u015bwiadoma praca z oddechem, techniki energetyzuj\u0105ce wykonywane po energetycznych liniach twarzy charakteryzuj\u0105 masa\u017c MINTANAO b\u0119d\u0105cy idealn\u0105 propozycj\u0105 kondycjonuj\u0105c\u0105 sk\u00f3r\u0119 i mi\u0119\u015bnie, a tak\u017ce odpr\u0119\u017caj\u0105c\u0105 umys\u0142 i wprowadzaj\u0105c\u0105 klienta w stan g\u0142\u0119bokiego relaksu.<\/p>\n\n\n\n<p>Masa\u017c sprawdzi si\u0119 doskonale jako samodzielny rytua\u0142 lub w po\u0142\u0105czeniu z zabiegami piel\u0119gnacyjnymi i odm\u0142adzaj\u0105cymi.<br><br><strong>Cena: 45 min \/ 110 z\u0142<\/strong><br><strong>60 min \/ 190 z\u0142 (peeling + maska)<\/strong><\/p>\n","protected":false},"excerpt":{"rendered":"<p>MASA\u017b MINTANAOTo rozbudowany masa\u017c twarzy, szyi i dekoltu \u0142\u0105cz\u0105cy techniki Thai Aroma Face Massage z elementami drena\u017cu limfatycznego, refleksologii, masa\u017cu klasycznego i stymulacji nerwu tr\u00f3jdzielnego.Relaksuje cia\u0142o i umys\u0142, dzia\u0142a antydepresyjnie, &hellip; <\/p>\n","protected":false},"author":1,"featured_media":152,"parent":0,"menu_order":0,"comment_status":"closed","ping_status":"closed","template":"","meta":{"footnotes":""},"class_list":["post-291","page","type-page","status-publish","has-post-thumbnail","hentry"],"_links":{"self":[{"href":"https:\/\/www.algaesthetic.pl\/index.php\/wp-json\/wp\/v2\/pages\/291","targetHints":{"allow":["GET"]}}],"collection":[{"href":"https:\/\/www.algaesthetic.pl\/index.php\/wp-json\/wp\/v2\/pages"}],"about":[{"href":"https:\/\/www.algaesthetic.pl\/index.php\/wp-json\/wp\/v2\/types\/page"}],"author":[{"embeddable":true,"href":"https:\/\/www.algaesthetic.pl\/index.php\/wp-json\/wp\/v2\/users\/1"}],"replies":[{"embeddable":true,"href":"https:\/\/www.algaesthetic.pl\/index.php\/wp-json\/wp\/v2\/comments?post=291"}],"version-history":[{"count":12,"href":"https:\/\/www.algaesthetic.pl\/index.php\/wp-json\/wp\/v2\/pages\/291\/revisions"}],"predecessor-version":[{"id":2096,"href":"https:\/\/www.algaesthetic.pl\/index.php\/wp-json\/wp\/v2\/pages\/291\/revisions\/2096"}],"wp:featuredmedia":[{"embeddable":true,"href":"https:\/\/www.algaesthetic.pl\/index.php\/wp-json\/wp\/v2\/media\/152"}],"wp:attachment":[{"href":"https:\/\/www.algaesthetic.pl\/index.php\/wp-json\/wp\/v2\/media?parent=291"}],"curies":[{"name":"wp","href":"https:\/\/api.w.org\/{rel}","templated":true}]}}