{"id":274,"date":"2022-11-02T23:07:09","date_gmt":"2022-11-02T22:07:09","guid":{"rendered":"https:\/\/www.algaesthetic.pl\/?page_id=274"},"modified":"2025-04-25T17:25:12","modified_gmt":"2025-04-25T15:25:12","slug":"masaz-goracymi-kamieniami-ratnaabhyanga","status":"publish","type":"page","link":"https:\/\/www.algaesthetic.pl\/index.php\/masaz-goracymi-kamieniami-ratnaabhyanga\/","title":{"rendered":"Masa\u017c gor\u0105cymi kamieniami &#8211; Ratnaabhyanga"},"content":{"rendered":"<div class=\"wp-block-image is-style-rounded\">\n<figure class=\"aligncenter size-full is-resized\"><img loading=\"lazy\" decoding=\"async\" width=\"682\" height=\"682\" src=\"https:\/\/www.algaesthetic.pl\/wp-content\/uploads\/2022\/11\/g-kamienie-edited.jpg\" alt=\"\" class=\"wp-image-1567\" style=\"width:270px;height:270px\" srcset=\"https:\/\/www.algaesthetic.pl\/wp-content\/uploads\/2022\/11\/g-kamienie-edited.jpg 682w, https:\/\/www.algaesthetic.pl\/wp-content\/uploads\/2022\/11\/g-kamienie-edited-300x300.jpg 300w, https:\/\/www.algaesthetic.pl\/wp-content\/uploads\/2022\/11\/g-kamienie-edited-150x150.jpg 150w, https:\/\/www.algaesthetic.pl\/wp-content\/uploads\/2022\/11\/g-kamienie-edited-60x60.jpg 60w\" sizes=\"auto, (max-width: 682px) 100vw, 682px\" \/><\/figure>\n<\/div>\n\n\n<p><strong>MASA\u017b GOR\u0104CYMI KAMIENIAMI (RATNAABHYANGA)<\/strong><\/p>\n\n\n\n<p>Po\u0142\u0105czenie ciep\u0142ych kamieni z odpowiednimi technikami masa\u017cu relaksacyjnego, limfatycznego i akupresury jest zbawienne dla zm\u0119czonego, zestresowanego cia\u0142a i umys\u0142u, zapewnia g\u0142\u0119boki relaks i regeneracj\u0119. Do masa\u017cu wykorzystuje si\u0119 wy\u0142\u0105cznie kamieni p\u00f3\u0142szlachetnymi &#8211; idealnie g\u0142adkich, stworzonych z magmy ziemskiej &#8211; jaspis, tygrysie oko, kryszta\u0142 g\u00f3rski, ametyst, lapis lazuri, kwarc r\u00f3\u017cowy, karneol, awenturyn &#8211; rozgrzane do temperatury 50 stopni, d\u0142ugo utrzymuj\u0105 ciep\u0142o. Masa\u017c kamieniami polecamy ka\u017cdemu &#8211; przywr\u00f3ci r\u00f3wnowag\u0119 fizyczn\u0105 i duchow\u0105, uwolni od stresu, zregeneruje si\u0142y i zapewni odpoczynek.<\/p>\n\n\n\n<p><strong>Cena: <\/strong><br><strong>45 min \/ 160 z\u0142<br>60 min \/ 185 z\u0142<\/strong><\/p>\n","protected":false},"excerpt":{"rendered":"<p>MASA\u017b GOR\u0104CYMI KAMIENIAMI (RATNAABHYANGA) Po\u0142\u0105czenie ciep\u0142ych kamieni z odpowiednimi technikami masa\u017cu relaksacyjnego, limfatycznego i akupresury jest zbawienne dla zm\u0119czonego, zestresowanego cia\u0142a i umys\u0142u, zapewnia g\u0142\u0119boki relaks i regeneracj\u0119. Do masa\u017cu &hellip; <\/p>\n","protected":false},"author":1,"featured_media":152,"parent":0,"menu_order":0,"comment_status":"closed","ping_status":"closed","template":"","meta":{"footnotes":""},"class_list":["post-274","page","type-page","status-publish","has-post-thumbnail","hentry"],"_links":{"self":[{"href":"https:\/\/www.algaesthetic.pl\/index.php\/wp-json\/wp\/v2\/pages\/274","targetHints":{"allow":["GET"]}}],"collection":[{"href":"https:\/\/www.algaesthetic.pl\/index.php\/wp-json\/wp\/v2\/pages"}],"about":[{"href":"https:\/\/www.algaesthetic.pl\/index.php\/wp-json\/wp\/v2\/types\/page"}],"author":[{"embeddable":true,"href":"https:\/\/www.algaesthetic.pl\/index.php\/wp-json\/wp\/v2\/users\/1"}],"replies":[{"embeddable":true,"href":"https:\/\/www.algaesthetic.pl\/index.php\/wp-json\/wp\/v2\/comments?post=274"}],"version-history":[{"count":14,"href":"https:\/\/www.algaesthetic.pl\/index.php\/wp-json\/wp\/v2\/pages\/274\/revisions"}],"predecessor-version":[{"id":2092,"href":"https:\/\/www.algaesthetic.pl\/index.php\/wp-json\/wp\/v2\/pages\/274\/revisions\/2092"}],"wp:featuredmedia":[{"embeddable":true,"href":"https:\/\/www.algaesthetic.pl\/index.php\/wp-json\/wp\/v2\/media\/152"}],"wp:attachment":[{"href":"https:\/\/www.algaesthetic.pl\/index.php\/wp-json\/wp\/v2\/media?parent=274"}],"curies":[{"name":"wp","href":"https:\/\/api.w.org\/{rel}","templated":true}]}}