{"id":256,"date":"2022-11-02T23:00:52","date_gmt":"2022-11-02T22:00:52","guid":{"rendered":"https:\/\/www.algaesthetic.pl\/?page_id=256"},"modified":"2025-04-25T17:28:02","modified_gmt":"2025-04-25T15:28:02","slug":"refleksoterapia-stop-tajski-stop","status":"publish","type":"page","link":"https:\/\/www.algaesthetic.pl\/index.php\/refleksoterapia-stop-tajski-stop\/","title":{"rendered":"Refleksoterapia st\u00f3p &#8211; tajski st\u00f3p"},"content":{"rendered":"<div class=\"wp-block-image is-style-rounded\">\n<figure class=\"aligncenter size-full is-resized\"><img loading=\"lazy\" decoding=\"async\" width=\"737\" height=\"737\" src=\"https:\/\/www.algaesthetic.pl\/wp-content\/uploads\/2022\/11\/tajski-stopy-edited.jpg\" alt=\"\" class=\"wp-image-1640\" style=\"width:270px;height:270px\" srcset=\"https:\/\/www.algaesthetic.pl\/wp-content\/uploads\/2022\/11\/tajski-stopy-edited.jpg 737w, https:\/\/www.algaesthetic.pl\/wp-content\/uploads\/2022\/11\/tajski-stopy-edited-300x300.jpg 300w, https:\/\/www.algaesthetic.pl\/wp-content\/uploads\/2022\/11\/tajski-stopy-edited-150x150.jpg 150w, https:\/\/www.algaesthetic.pl\/wp-content\/uploads\/2022\/11\/tajski-stopy-edited-60x60.jpg 60w\" sizes=\"auto, (max-width: 737px) 100vw, 737px\" \/><\/figure>\n<\/div>\n\n\n<p><strong>REFLEKSOTERAPIA ST\u00d3P &#8211; TAJSKI ST\u00d3P<\/strong><\/p>\n\n\n\n<p>Refleksoterapia st\u00f3p &#8211; masa\u017c tajski to specjalne techniki relaksacyjne przynosz\u0105ce ulg\u0119 obola\u0142ym stopom. Masa\u017c ten oczyszcza z toksyn, pobudza procesy samoleczenia organizmu. Uciskanie odpowiednich punkt\u00f3w energetycznych oddzia\u0142uje na receptory nerwowe wp\u0142ywaj\u0105c korzystnie na organy wewn\u0119trzne co przyczynia si\u0119 do ich lepszego funkcjonowania. <br>Dobrze wymasowane stopy wprowadzaj\u0105 w stan g\u0142\u0119bokiej relaksacji i daj\u0105 mn\u00f3stwo energii na ca\u0142y dzie\u0144!<br><\/p>\n\n\n\n<p><strong>Cena: 60 min \/ 110 z\u0142<\/strong><br><strong>80 min \/ 160z\u0142 (peeling + nawil\u017canie)<\/strong><\/p>\n","protected":false},"excerpt":{"rendered":"<p>REFLEKSOTERAPIA ST\u00d3P &#8211; TAJSKI ST\u00d3P Refleksoterapia st\u00f3p &#8211; masa\u017c tajski to specjalne techniki relaksacyjne przynosz\u0105ce ulg\u0119 obola\u0142ym stopom. Masa\u017c ten oczyszcza z toksyn, pobudza procesy samoleczenia organizmu. Uciskanie odpowiednich punkt\u00f3w &hellip; <\/p>\n","protected":false},"author":1,"featured_media":152,"parent":0,"menu_order":0,"comment_status":"closed","ping_status":"closed","template":"","meta":{"footnotes":""},"class_list":["post-256","page","type-page","status-publish","has-post-thumbnail","hentry"],"_links":{"self":[{"href":"https:\/\/www.algaesthetic.pl\/index.php\/wp-json\/wp\/v2\/pages\/256","targetHints":{"allow":["GET"]}}],"collection":[{"href":"https:\/\/www.algaesthetic.pl\/index.php\/wp-json\/wp\/v2\/pages"}],"about":[{"href":"https:\/\/www.algaesthetic.pl\/index.php\/wp-json\/wp\/v2\/types\/page"}],"author":[{"embeddable":true,"href":"https:\/\/www.algaesthetic.pl\/index.php\/wp-json\/wp\/v2\/users\/1"}],"replies":[{"embeddable":true,"href":"https:\/\/www.algaesthetic.pl\/index.php\/wp-json\/wp\/v2\/comments?post=256"}],"version-history":[{"count":15,"href":"https:\/\/www.algaesthetic.pl\/index.php\/wp-json\/wp\/v2\/pages\/256\/revisions"}],"predecessor-version":[{"id":2095,"href":"https:\/\/www.algaesthetic.pl\/index.php\/wp-json\/wp\/v2\/pages\/256\/revisions\/2095"}],"wp:featuredmedia":[{"embeddable":true,"href":"https:\/\/www.algaesthetic.pl\/index.php\/wp-json\/wp\/v2\/media\/152"}],"wp:attachment":[{"href":"https:\/\/www.algaesthetic.pl\/index.php\/wp-json\/wp\/v2\/media?parent=256"}],"curies":[{"name":"wp","href":"https:\/\/api.w.org\/{rel}","templated":true}]}}