{"id":1937,"date":"2023-10-18T13:03:43","date_gmt":"2023-10-18T11:03:43","guid":{"rendered":"https:\/\/www.algaesthetic.pl\/?page_id=1937"},"modified":"2024-02-08T12:47:59","modified_gmt":"2024-02-08T11:47:59","slug":"medestelle","status":"publish","type":"page","link":"https:\/\/www.algaesthetic.pl\/index.php\/kosmetologia-pielegnacyjna\/medestelle\/","title":{"rendered":"MEDESTELLE"},"content":{"rendered":"\n<p><br>                                        <\/p>\n\n\n<div class=\"wp-block-image is-style-rounded\">\n<figure class=\"aligncenter size-full is-resized\"><img loading=\"lazy\" decoding=\"async\" width=\"500\" height=\"500\" src=\"https:\/\/www.algaesthetic.pl\/wp-content\/uploads\/2023\/11\/image-3.png\" alt=\"\" class=\"wp-image-1958\" style=\"aspect-ratio:1;width:456px;height:auto\" srcset=\"https:\/\/www.algaesthetic.pl\/wp-content\/uploads\/2023\/11\/image-3.png 500w, https:\/\/www.algaesthetic.pl\/wp-content\/uploads\/2023\/11\/image-3-300x300.png 300w, https:\/\/www.algaesthetic.pl\/wp-content\/uploads\/2023\/11\/image-3-150x150.png 150w, https:\/\/www.algaesthetic.pl\/wp-content\/uploads\/2023\/11\/image-3-60x60.png 60w\" sizes=\"auto, (max-width: 500px) 100vw, 500px\" \/><\/figure>\n<\/div>\n\n\n<p><br><\/p>\n\n\n\n<p>Zabiegi Cosmo S-Peel\u00a0polegaj\u0105 na synchronicznym zastosowaniu peeling\u00f3w kwasowych oraz nowatorskiego boostera z micelarnym RETINOLEM w otoczce antyoksydacyjnej. <br>Zapewnia to efekt \u201edopalacza\u201d proces\u00f3w odnowy biologicznej sk\u00f3ry i przenosi profesjonalne zabiegi z kwasami na najwy\u017cszy poziom skuteczno\u015bci. <br>Wyr\u00f3\u017cniamy trzy procedury zabiegowe.<br><br><br>COSMO S-PELL ANTI-AGE &amp; ANTI-SPOT<br>Odm\u0142adzaj\u0105cy zabieg z\u0142uszczaj\u0105cy, rozja\u015bniaj\u0105cy przebarwienia.<br>Zabieg o efekcie &#8222;dopalacza&#8221; proces\u00f3w odnowy biologicznej sk\u00f3ry. Przeznaczony do cery dojrza\u0142ej, wymagaj\u0105cej silnej stymulacji do odnowy. Hamuje procesy starzenia si\u0119 sk\u00f3ry i pobudza j\u0105 do samoregeneracji. Wyg\u0142adza, redukuje zmarszczki, silnie uj\u0119drnia i rozja\u015bnia przebarwienia.<br><strong>Cena: 1h 30 min\/ 250 z\u0142<\/strong><br><br>COSMO S-PEEL ANTI-REDNESS<br>Rewitalizuj\u0105cy zabieg z\u0142uszczaj\u0105cy, redukuj\u0105cy zaczerwienienia.<br>Zabieg z\u0142uszczaj\u0105cy do cery naczynkowej, ze sk\u0142onno\u015bci\u0105 do zaczerwienie\u0144, wra\u017cliwej a tak\u017ce suchej. Peeling wyra\u017anie wycisza sk\u00f3r\u0119 i redukuje rumie\u0144, ujednolica koloryt. Oczyszcza, wyg\u0142adza, rewitalizuje i poprawia napi\u0119cie sk\u00f3ry.<br><strong>Cena: 1 h 30 min\/ 250 z\u0142<\/strong><br><br>COSMO S-PEEL ANTI-ACNE<br>Regeneruj\u0105cy zabieg z\u0142uszczaj\u0105cy, przeciw niedoskona\u0142o\u015bciom sk\u00f3ry.<br>Zabieg z\u0142uszczaj\u0105cy do sk\u00f3ry zanieczyszczonej, t\u0142ustej i mieszanej jako skuteczna terapia anti-acne na niedoskona\u0142o\u015bci sk\u00f3ry. Wykazuje dzia\u0142anie przeciwtr\u0105dzikowe, reguluje wydzielanie sebum, dzia\u0142a z\u0142uszczaj\u0105co i wyg\u0142adza sk\u00f3r\u0119.<br><strong>Cena: 1 h 30 min\/ 250 z\u0142<\/strong><\/p>\n","protected":false},"excerpt":{"rendered":"<p>Zabiegi Cosmo S-Peel\u00a0polegaj\u0105 na synchronicznym zastosowaniu peeling\u00f3w kwasowych oraz nowatorskiego boostera z micelarnym RETINOLEM w otoczce antyoksydacyjnej. Zapewnia to efekt \u201edopalacza\u201d proces\u00f3w odnowy biologicznej sk\u00f3ry i przenosi profesjonalne zabiegi z &hellip; <\/p>\n","protected":false},"author":3,"featured_media":0,"parent":727,"menu_order":0,"comment_status":"closed","ping_status":"closed","template":"","meta":{"footnotes":""},"class_list":["post-1937","page","type-page","status-publish","hentry"],"_links":{"self":[{"href":"https:\/\/www.algaesthetic.pl\/index.php\/wp-json\/wp\/v2\/pages\/1937","targetHints":{"allow":["GET"]}}],"collection":[{"href":"https:\/\/www.algaesthetic.pl\/index.php\/wp-json\/wp\/v2\/pages"}],"about":[{"href":"https:\/\/www.algaesthetic.pl\/index.php\/wp-json\/wp\/v2\/types\/page"}],"author":[{"embeddable":true,"href":"https:\/\/www.algaesthetic.pl\/index.php\/wp-json\/wp\/v2\/users\/3"}],"replies":[{"embeddable":true,"href":"https:\/\/www.algaesthetic.pl\/index.php\/wp-json\/wp\/v2\/comments?post=1937"}],"version-history":[{"count":7,"href":"https:\/\/www.algaesthetic.pl\/index.php\/wp-json\/wp\/v2\/pages\/1937\/revisions"}],"predecessor-version":[{"id":2030,"href":"https:\/\/www.algaesthetic.pl\/index.php\/wp-json\/wp\/v2\/pages\/1937\/revisions\/2030"}],"up":[{"embeddable":true,"href":"https:\/\/www.algaesthetic.pl\/index.php\/wp-json\/wp\/v2\/pages\/727"}],"wp:attachment":[{"href":"https:\/\/www.algaesthetic.pl\/index.php\/wp-json\/wp\/v2\/media?parent=1937"}],"curies":[{"name":"wp","href":"https:\/\/api.w.org\/{rel}","templated":true}]}}