{"id":1873,"date":"2023-09-23T09:29:13","date_gmt":"2023-09-23T07:29:13","guid":{"rendered":"https:\/\/www.algaesthetic.pl\/?page_id=1873"},"modified":"2025-04-25T16:54:32","modified_gmt":"2025-04-25T14:54:32","slug":"tetest","status":"publish","type":"page","link":"https:\/\/www.algaesthetic.pl\/index.php\/tetest\/","title":{"rendered":"Nowo\u015b\u0107 Utsukusy"},"content":{"rendered":"\n<h2 class=\"wp-block-heading\"><\/h2>\n\n\n<div class=\"wp-block-image is-style-rounded\">\n<figure class=\"aligncenter size-large is-resized\"><img loading=\"lazy\" decoding=\"async\" width=\"1024\" height=\"1024\" src=\"https:\/\/www.algaesthetic.pl\/wp-content\/uploads\/2023\/09\/51541626664_62aa2611ab_k-1024x1024.jpg\" alt=\"\" class=\"wp-image-1880\" style=\"aspect-ratio:1;width:272px;height:auto\" srcset=\"https:\/\/www.algaesthetic.pl\/wp-content\/uploads\/2023\/09\/51541626664_62aa2611ab_k-1024x1024.jpg 1024w, https:\/\/www.algaesthetic.pl\/wp-content\/uploads\/2023\/09\/51541626664_62aa2611ab_k-300x300.jpg 300w, https:\/\/www.algaesthetic.pl\/wp-content\/uploads\/2023\/09\/51541626664_62aa2611ab_k-150x150.jpg 150w, https:\/\/www.algaesthetic.pl\/wp-content\/uploads\/2023\/09\/51541626664_62aa2611ab_k-768x768.jpg 768w, https:\/\/www.algaesthetic.pl\/wp-content\/uploads\/2023\/09\/51541626664_62aa2611ab_k-1536x1536.jpg 1536w, https:\/\/www.algaesthetic.pl\/wp-content\/uploads\/2023\/09\/51541626664_62aa2611ab_k-60x60.jpg 60w, https:\/\/www.algaesthetic.pl\/wp-content\/uploads\/2023\/09\/51541626664_62aa2611ab_k.jpg 2048w\" sizes=\"auto, (max-width: 1024px) 100vw, 1024px\" \/><\/figure>\n<\/div>\n\n\n<p><br><\/p>\n\n\n\n<p><\/p>\n\n\n\n<p>Zabieg PLATINUM o dzia\u0142aniu rewitalizuj\u0105cym i restrukturyzacyjnym. <br>Dzia\u0142anie depigmentacyjnie na przebarwienia. Platyna jest stymulatorem sirtuin &#8211; bia\u0142ka zwi\u0119kszaj\u0105cego d\u0142ugowieczno\u015b\u0107 kom\u00f3rek.<br>Zabieg dedykowany jest sk\u00f3rze z tr\u0105dzikiem r\u00f3\u017cowatym, przynosi wyciszenie nawil\u017cenie i wzmocnienie nask\u00f3rka.<br><br><strong>Efekty zabiegu:<\/strong><\/p>\n\n\n\n<ul class=\"wp-block-list\">\n<li>Roz\u015bwietla sk\u00f3r\u0119 i chroni uk\u0142ad nerwowo-sk\u00f3rny.<\/li>\n\n\n\n<li>Od\u017cywia i rewitalizuje sk\u00f3r\u0119.<\/li>\n\n\n\n<li>Pomaga o\u017cywi\u0107 sk\u00f3r\u0119 ,dzia\u0142a restrukturyzuj\u0105co.<\/li>\n\n\n\n<li>Dzia\u0142anie depigmentuj\u0105ce na plamy.<\/li>\n\n\n\n<li>Blokuje reakcje neurogenetyki, zmniejsza obci\u0105\u017cenia sk\u00f3ry spowodowane wiekiem, poprawia od\u017cywienie kom\u00f3rek.<\/li>\n<\/ul>\n\n\n\n<p><strong>Cena: 1h 15 min\/ 250 z\u0142<br><\/strong><br>Zabieg PLAZMA SKIN o dzia\u0142aniu przeciwstarzeniowym. <br>Poprawia elastyczno\u015b\u0107, j\u0119drno\u015b\u0107, nawodnienie i sp\u00f3jno\u015b\u0107 kom\u00f3rek dzi\u0119ki stymulacji kwasu hialuronowego i bia\u0142ek. EGF (nask\u00f3rkowy czynnik wzrostu) prowadzi do aktywacji kom\u00f3rek u\u0142atwiaj\u0105c ich regeneracj\u0119 i rewitalizacj\u0119. Kom\u00f3rki ro\u015blinne ulegaj\u0105 przekszta\u0142ceniu w fabryki biologiczne, kt\u00f3re produkuj\u0105 ludzkie czynniki wzrostu o identycznych w\u0142a\u015bciwo\u015bciach regeneracyjnych, jak te wytwarzane naturalnie przez sk\u00f3r\u0119.<br><\/p>\n\n\n\n<p><strong>Efekty zabiegu:<\/strong><\/p>\n\n\n\n<ul class=\"wp-block-list\">\n<li>Redukcja uszkodze\u0144 pos\u0142onecznych.<\/li>\n\n\n\n<li>Redukcja blizn po tr\u0105dzikowych.<\/li>\n\n\n\n<li>Ukojenie i redukcja zaczerwienie\u0144.<\/li>\n\n\n\n<li>Zwi\u0119kszenie odporno\u015bci sk\u00f3ry na czynniki zewn\u0119trzne.<\/li>\n\n\n\n<li>Odbudowa bariery ochronnej sk\u00f3ry.<\/li>\n\n\n\n<li>G\u0142\u0119boka rewitalizacja i zwi\u0119kszenie napi\u0119cia sk\u00f3ry.<\/li>\n\n\n\n<li>Uj\u0119drnienie oraz redukcja widoczno\u015bci zmarszczek mimicznych.<\/li>\n\n\n\n<li>Poprawa tekstury sk\u00f3ry.<\/li>\n<\/ul>\n\n\n\n<p><strong>Cena: 1h 15 min\/ 250 z\u0142<\/strong><br><br>Zabieg AURUM o dzia\u0142aniu regeneracyjnym. <br>Stymuluje metabolizm i regeneracj\u0119 sk\u00f3ry, aby uzyska\u0107 \u015bwie\u017cy i promienny wygl\u0105d cery. Dzia\u0142a antyoksydacyjnie, rozja\u015bniaj\u0105co, g\u0142\u0119boko od\u017cywia i nawil\u017ca. Dodatkowo chroni uk\u0142ad nerwowo-sk\u00f3rny wzmacniaj\u0105c mechanizmy obronne sk\u00f3ry. Idealny tak\u017ce jako zabieg bankietowy. <br><br><strong>    Efekty zabiegu:<\/strong><\/p>\n\n\n\n<ul class=\"wp-block-list\">\n<li>Ma dzia\u0142anie przeciwzmarszczkowe,<\/li>\n\n\n\n<li>Mo\u017ce poprawi\u0107 nawil\u017cenie sk\u00f3ry,<\/li>\n\n\n\n<li>Zwi\u0119ksza jej elastyczno\u015b\u0107 i j\u0119drno\u015b\u0107,<\/li>\n\n\n\n<li>Stymuluje i odprowadza limf\u0119,<\/li>\n\n\n\n<li>Rozlu\u017ania uk\u0142ad nerwowy,<\/li>\n\n\n\n<li>Przynosi naturalny efekt liftingu,<\/li>\n\n\n\n<li>Zmniejsza widoczno\u015b\u0107 zmarszczek i zapobiega ich powstawaniu,<\/li>\n\n\n\n<li>Niweluje napi\u0119cie mi\u0119\u015bniowe.<\/li>\n<\/ul>\n\n\n\n<p><strong>Cena: 1 h 15 min\/ 260 z\u0142<\/strong><br><br><\/p>\n","protected":false},"excerpt":{"rendered":"<p>Zabieg PLATINUM o dzia\u0142aniu rewitalizuj\u0105cym i restrukturyzacyjnym. Dzia\u0142anie depigmentacyjnie na przebarwienia. Platyna jest stymulatorem sirtuin &#8211; bia\u0142ka zwi\u0119kszaj\u0105cego d\u0142ugowieczno\u015b\u0107 kom\u00f3rek.Zabieg dedykowany jest sk\u00f3rze z tr\u0105dzikiem r\u00f3\u017cowatym, przynosi wyciszenie nawil\u017cenie i &hellip; <\/p>\n","protected":false},"author":1,"featured_media":0,"parent":0,"menu_order":0,"comment_status":"closed","ping_status":"closed","template":"","meta":{"footnotes":""},"class_list":["post-1873","page","type-page","status-publish","hentry"],"_links":{"self":[{"href":"https:\/\/www.algaesthetic.pl\/index.php\/wp-json\/wp\/v2\/pages\/1873","targetHints":{"allow":["GET"]}}],"collection":[{"href":"https:\/\/www.algaesthetic.pl\/index.php\/wp-json\/wp\/v2\/pages"}],"about":[{"href":"https:\/\/www.algaesthetic.pl\/index.php\/wp-json\/wp\/v2\/types\/page"}],"author":[{"embeddable":true,"href":"https:\/\/www.algaesthetic.pl\/index.php\/wp-json\/wp\/v2\/users\/1"}],"replies":[{"embeddable":true,"href":"https:\/\/www.algaesthetic.pl\/index.php\/wp-json\/wp\/v2\/comments?post=1873"}],"version-history":[{"count":12,"href":"https:\/\/www.algaesthetic.pl\/index.php\/wp-json\/wp\/v2\/pages\/1873\/revisions"}],"predecessor-version":[{"id":2070,"href":"https:\/\/www.algaesthetic.pl\/index.php\/wp-json\/wp\/v2\/pages\/1873\/revisions\/2070"}],"wp:attachment":[{"href":"https:\/\/www.algaesthetic.pl\/index.php\/wp-json\/wp\/v2\/media?parent=1873"}],"curies":[{"name":"wp","href":"https:\/\/api.w.org\/{rel}","templated":true}]}}