{"id":16,"date":"2022-10-27T22:04:36","date_gmt":"2022-10-27T20:04:36","guid":{"rendered":"https:\/\/www.algaesthetic.pl\/?page_id=16"},"modified":"2022-12-05T16:16:06","modified_gmt":"2022-12-05T15:16:06","slug":"o-nas","status":"publish","type":"page","link":"https:\/\/www.algaesthetic.pl\/index.php\/o-nas\/","title":{"rendered":"O nas&#8230;"},"content":{"rendered":"\n<h2 class=\"has-text-align-center wp-block-heading\">Mi\u0142o Ci\u0119 tu widzie\u0107 \u2764\ufe0f<\/h2>\n\n\n\n<p class=\"has-text-align-center\">Salon Algaesthetic istnieje od 2000 roku. Z up\u0142ywem lat miejsce to zaskarbi\u0142o sobie sta\u0142e grono wiernych, zadowolonych Klient\u00f3w. Jednocze\u015bnie gor\u0105co witamy nieustannie przybywaj\u0105ce nowe osoby.<\/p>\n\n\n\n<p class=\"has-text-align-center\">W naszym salonie przywi\u0105zujemy du\u017c\u0105 wag\u0119 do tego ,aby ka\u017cdy Klient czu\u0142 si\u0119 komfortowo i bezpiecznie. Naszym najwy\u017cszym celem jest Wasze zadowolenie , satysfakcja i dobre samopoczucie. Staramy si\u0119 by ka\u017cdy zabieg by\u0142 indywidualnie dobrany do Waszych potrzeb.<\/p>\n\n\n\n<p class=\"has-text-align-center\">Nasz\u0105 prac\u0119 wykonujemy z pasj\u0105 i zaanga\u017cowaniem. Systematycznie wprowadzamy nowo\u015bci i rozszerzamy zakres nowych us\u0142ug, aby sprosta\u0107 Waszym oczekiwaniom. Stale podnosimy kwalifikacje, szkol\u0105c si\u0119 i uczestnicz\u0105c w wa\u017cnych wydarzeniach bran\u017cowych.<\/p>\n\n\n\n<p class=\"has-text-align-center\">Pragniemy wydobywa\u0107 w Was pi\u0119kno i dobre samopoczucie.<\/p>\n\n\n\n<p class=\"has-text-align-center\">Serdecznie zapraszamy do zapoznania si\u0119 z ofert\u0105 i skorzystania z naszych us\u0142ug. <\/p>\n\n\n\n<p><\/p>\n","protected":false},"excerpt":{"rendered":"<p>Mi\u0142o Ci\u0119 tu widzie\u0107 \u2764\ufe0f Salon Algaesthetic istnieje od 2000 roku. Z up\u0142ywem lat miejsce to zaskarbi\u0142o sobie sta\u0142e grono wiernych, zadowolonych Klient\u00f3w. Jednocze\u015bnie gor\u0105co witamy nieustannie przybywaj\u0105ce nowe osoby. &hellip; <\/p>\n","protected":false},"author":1,"featured_media":99,"parent":0,"menu_order":0,"comment_status":"closed","ping_status":"closed","template":"","meta":{"footnotes":""},"class_list":["post-16","page","type-page","status-publish","has-post-thumbnail","hentry"],"_links":{"self":[{"href":"https:\/\/www.algaesthetic.pl\/index.php\/wp-json\/wp\/v2\/pages\/16","targetHints":{"allow":["GET"]}}],"collection":[{"href":"https:\/\/www.algaesthetic.pl\/index.php\/wp-json\/wp\/v2\/pages"}],"about":[{"href":"https:\/\/www.algaesthetic.pl\/index.php\/wp-json\/wp\/v2\/types\/page"}],"author":[{"embeddable":true,"href":"https:\/\/www.algaesthetic.pl\/index.php\/wp-json\/wp\/v2\/users\/1"}],"replies":[{"embeddable":true,"href":"https:\/\/www.algaesthetic.pl\/index.php\/wp-json\/wp\/v2\/comments?post=16"}],"version-history":[{"count":5,"href":"https:\/\/www.algaesthetic.pl\/index.php\/wp-json\/wp\/v2\/pages\/16\/revisions"}],"predecessor-version":[{"id":1620,"href":"https:\/\/www.algaesthetic.pl\/index.php\/wp-json\/wp\/v2\/pages\/16\/revisions\/1620"}],"wp:featuredmedia":[{"embeddable":true,"href":"https:\/\/www.algaesthetic.pl\/index.php\/wp-json\/wp\/v2\/media\/99"}],"wp:attachment":[{"href":"https:\/\/www.algaesthetic.pl\/index.php\/wp-json\/wp\/v2\/media?parent=16"}],"curies":[{"name":"wp","href":"https:\/\/api.w.org\/{rel}","templated":true}]}}