    {"id":131,"date":"2022-10-28T16:21:57","date_gmt":"2022-10-28T14:21:57","guid":{"rendered":"https:\/\/www.algaesthetic.pl\/?page_id=131"},"modified":"2023-09-23T09:23:19","modified_gmt":"2023-09-23T07:23:19","slug":"strona-glowna-salonu","status":"publish","type":"page","link":"https:\/\/www.algaesthetic.pl\/","title":{"rendered":"Strona G\u0142\u00f3wna"},"content":{"rendered":"\n<p class=\"has-text-align-center\"><strong><a href=\"https:\/\/www.algaesthetic.pl\/index.php\/jak-prawidlowo-korzystac-z-menu\/\">Jak prawid\u0142owo korzysta\u0107 z menu ? &#8211; informacja dla korzystaj\u0105cych ze smartfon\u00f3w.<\/a><\/strong><\/p>\n\n\n\n<hr class=\"wp-block-separator has-alpha-channel-opacity\"\/>\n\n\n<div id=\"slider_69f62623bf272\" class=\"slider_instance\" style=\"position: relative;\" data-options=\"{&quot;id&quot;:1,&quot;name&quot;:&quot;slider 1&quot;,&quot;instanceName&quot;:&quot;slider 1&quot;,&quot;date&quot;:&quot;2022-10-28 16:41:53&quot;,&quot;status&quot;:&quot;published&quot;,&quot;layerWidth&quot;:&quot;100%&quot;,&quot;layerHeight&quot;:&quot;100%&quot;,&quot;shadow&quot;:&quot;off&quot;,&quot;mode&quot;:&quot;webgl&quot;,&quot;initialSlide&quot;:0,&quot;grabCursor&quot;:true,&quot;stopOnLastSlide&quot;:false,&quot;showSlidesRandomOrder&quot;:false,&quot;preloadFirstSlide&quot;:false,&quot;width&quot;:1000,&quot;height&quot;:550,&quot;responsive&quot;:true,&quot;ratio&quot;:2,&quot;forceResponsive&quot;:false,&quot;fullscreen&quot;:false,&quot;layerStarOnTransitionStart&quot;:false,&quot;autoplay&quot;:{&quot;enable&quot;:true,&quot;delay&quot;:3000,&quot;progress&quot;:false,&quot;pauseOnHover&quot;:false,&quot;reverseDirection&quot;:false},&quot;buttons&quot;:{&quot;pauseVisible&quot;:false,&quot;muteVisible&quot;:false},&quot;resetVideos&quot;:false,&quot;videoAutoplay&quot;:true,&quot;navigation&quot;:{&quot;enable&quot;:true,&quot;style&quot;:&quot;effect4&quot;},&quot;keyboard&quot;:{&quot;enable&quot;:true},&quot;wheelNavigation&quot;:{&quot;enable&quot;:false,&quot;stopOnLast&quot;:false,&quot;interval&quot;:2000},&quot;pagination&quot;:{&quot;enable&quot;:true,&quot;style&quot;:&quot;effect2&quot;,&quot;clickable&quot;:true,&quot;dynamicBullets&quot;:false},&quot;thumbs&quot;:{&quot;enable&quot;:false,&quot;position&quot;:&quot;bottom&quot;,&quot;thumbWidth&quot;:100,&quot;thumbHeight&quot;:60,&quot;spaceAround&quot;:3,&quot;spaceBetween&quot;:3,&quot;outsideSlider&quot;:true,&quot;centered&quot;:true},&quot;hashNavigation&quot;:{&quot;enable&quot;:false},&quot;loading&quot;:{&quot;fadeEffect&quot;:true,&quot;backgroundColor&quot;:&quot;#FFFFFF&quot;,&quot;color&quot;:&quot;#262626&quot;,&quot;style&quot;:&quot;style2&quot;},&quot;lightbox&quot;:{&quot;backgroundColor&quot;:&quot;#000000F2&quot;,&quot;closeColor&quot;:&quot;#FFFFFF&quot;},&quot;slides&quot;:[{&quot;src&quot;:&quot;https:\\\/\\\/www.algaesthetic.pl\\\/wp-content\\\/uploads\\\/2022\\\/10\\\/kosmetyki-seaweex-2.png&quot;,&quot;thumbSrc&quot;:&quot;https:\\\/\\\/www.algaesthetic.pl\\\/wp-content\\\/uploads\\\/2022\\\/10\\\/kosmetyki-seaweex-2-300x162.png&quot;},{&quot;src&quot;:&quot;https:\\\/\\\/www.algaesthetic.pl\\\/wp-content\\\/uploads\\\/2022\\\/10\\\/kosmetyki-seaweex.png&quot;,&quot;thumbSrc&quot;:&quot;https:\\\/\\\/www.algaesthetic.pl\\\/wp-content\\\/uploads\\\/2022\\\/10\\\/kosmetyki-seaweex-300x169.png&quot;},{&quot;src&quot;:&quot;https:\\\/\\\/www.algaesthetic.pl\\\/wp-content\\\/uploads\\\/2022\\\/10\\\/krem-2.png&quot;,&quot;thumbSrc&quot;:&quot;https:\\\/\\\/www.algaesthetic.pl\\\/wp-content\\\/uploads\\\/2022\\\/10\\\/krem-2-300x162.png&quot;},{&quot;src&quot;:&quot;https:\\\/\\\/www.algaesthetic.pl\\\/wp-content\\\/uploads\\\/2022\\\/10\\\/DSC05689-scaled.jpg&quot;,&quot;thumbSrc&quot;:&quot;https:\\\/\\\/www.algaesthetic.pl\\\/wp-content\\\/uploads\\\/2022\\\/10\\\/DSC05689-300x169.jpg&quot;},{&quot;src&quot;:&quot;https:\\\/\\\/www.algaesthetic.pl\\\/wp-content\\\/uploads\\\/2022\\\/10\\\/945-scaled.jpg&quot;,&quot;thumbSrc&quot;:&quot;https:\\\/\\\/www.algaesthetic.pl\\\/wp-content\\\/uploads\\\/2022\\\/10\\\/945-300x169.jpg&quot;},{&quot;src&quot;:&quot;https:\\\/\\\/www.algaesthetic.pl\\\/wp-content\\\/uploads\\\/2022\\\/10\\\/1003-scaled.jpg&quot;,&quot;thumbSrc&quot;:&quot;https:\\\/\\\/www.algaesthetic.pl\\\/wp-content\\\/uploads\\\/2022\\\/10\\\/1003-300x169.jpg&quot;},{&quot;src&quot;:&quot;https:\\\/\\\/www.algaesthetic.pl\\\/wp-content\\\/uploads\\\/2022\\\/10\\\/1024-scaled.jpg&quot;,&quot;thumbSrc&quot;:&quot;https:\\\/\\\/www.algaesthetic.pl\\\/wp-content\\\/uploads\\\/2022\\\/10\\\/1024-300x169.jpg&quot;},{&quot;src&quot;:&quot;https:\\\/\\\/www.algaesthetic.pl\\\/wp-content\\\/uploads\\\/2022\\\/10\\\/973-scaled.jpg&quot;,&quot;thumbSrc&quot;:&quot;https:\\\/\\\/www.algaesthetic.pl\\\/wp-content\\\/uploads\\\/2022\\\/10\\\/973-300x169.jpg&quot;},{&quot;src&quot;:&quot;https:\\\/\\\/www.algaesthetic.pl\\\/wp-content\\\/uploads\\\/2022\\\/10\\\/produkt-polski-scaled.jpg&quot;,&quot;thumbSrc&quot;:&quot;https:\\\/\\\/www.algaesthetic.pl\\\/wp-content\\\/uploads\\\/2022\\\/10\\\/produkt-polski-300x169.jpg&quot;}],&quot;fullscreenTablet&quot;:false,&quot;fullscreenMobile&quot;:false,&quot;widthMobile&quot;:1000,&quot;widthTablet&quot;:1000,&quot;heightMobile&quot;:550,&quot;heightTablet&quot;:550,&quot;responsiveMobile&quot;:true,&quot;responsiveTablet&quot;:true,&quot;forceResponsiveMobile&quot;:false,&quot;forceResponsiveTablet&quot;:false,&quot;lightboxMode&quot;:[],&quot;lightboxModeMobile&quot;:[],&quot;lightboxModeTablet&quot;:[],&quot;rootFolder&quot;:&quot;https:\\\/\\\/www.algaesthetic.pl\\\/wp-content\\\/plugins\\\/transition-slider-lite\\\/&quot;}\"><\/div>\n\n\n\n<hr class=\"wp-block-separator has-alpha-channel-opacity is-style-wide\"\/>\n\n\n\n<div class=\"wp-block-columns alignfull has-text-color has-background is-layout-flex wp-container-core-columns-is-layout-9d6595d7 wp-block-columns-is-layout-flex\" style=\"color:#000000;background-color:#ffffff\">\n<div class=\"wp-block-column is-layout-flow wp-block-column-is-layout-flow\">\n<h3 class=\"wp-block-heading\" style=\"font-size:24px;line-height:1.3\"><strong>Godziny otwarcia<\/strong><\/h3>\n\n\n\n<p>Pon. &#8211; Pt. 8:00 &#8211; 18:00<\/p>\n\n\n\n<p>Sob.  9.00 &#8211; 13:00 <\/p>\n<\/div>\n\n\n\n<div class=\"wp-block-column is-layout-flow wp-block-column-is-layout-flow\">\n<h3 class=\"wp-block-heading\" style=\"font-size:24px;line-height:1.3\"><strong>Adres<\/strong><\/h3>\n\n\n\n<p>Plac Pocztowy 18 CD<\/p>\n\n\n\n<p>64-980 Trzcianka<\/p>\n<\/div>\n\n\n\n<div class=\"wp-block-column is-layout-flow wp-block-column-is-layout-flow\">\n<h3 class=\"wp-block-heading\" style=\"font-size:24px;line-height:1.3\"><strong>Kontakt<\/strong><\/h3>\n\n\n\n<p><strong>Telefon: <\/strong>789-868-893<\/p>\n\n\n\n<p><\/p>\n\n\n<div class=\"wp-block-image\">\n<figure class=\"alignleft size-full is-resized\"><a href=\"https:\/\/www.instagram.com\/algaaesthetic\/\"><img loading=\"lazy\" decoding=\"async\" src=\"https:\/\/www.algaesthetic.pl\/wp-content\/uploads\/2022\/11\/Instagram-logo.png\" alt=\"\" class=\"wp-image-499\" style=\"width:43px;height:42px\" width=\"43\" height=\"42\" srcset=\"https:\/\/www.algaesthetic.pl\/wp-content\/uploads\/2022\/11\/Instagram-logo.png 980w, https:\/\/www.algaesthetic.pl\/wp-content\/uploads\/2022\/11\/Instagram-logo-300x293.png 300w, https:\/\/www.algaesthetic.pl\/wp-content\/uploads\/2022\/11\/Instagram-logo-150x150.png 150w, https:\/\/www.algaesthetic.pl\/wp-content\/uploads\/2022\/11\/Instagram-logo-768x751.png 768w, https:\/\/www.algaesthetic.pl\/wp-content\/uploads\/2022\/11\/Instagram-logo-61x60.png 61w\" sizes=\"auto, (max-width: 43px) 100vw, 43px\" \/><\/a><\/figure>\n<\/div>\n\n<div class=\"wp-block-image\">\n<figure class=\"alignleft size-full is-resized\"><a href=\"https:\/\/www.facebook.com\/salonalga\"><img loading=\"lazy\" decoding=\"async\" src=\"https:\/\/www.algaesthetic.pl\/wp-content\/uploads\/2022\/10\/facebook-logo.png\" alt=\"Znajd\u017a nas na facebooku!\" class=\"wp-image-156\" style=\"width:44px;height:44px\" width=\"44\" height=\"44\" srcset=\"https:\/\/www.algaesthetic.pl\/wp-content\/uploads\/2022\/10\/facebook-logo.png 512w, https:\/\/www.algaesthetic.pl\/wp-content\/uploads\/2022\/10\/facebook-logo-300x300.png 300w, https:\/\/www.algaesthetic.pl\/wp-content\/uploads\/2022\/10\/facebook-logo-150x150.png 150w, https:\/\/www.algaesthetic.pl\/wp-content\/uploads\/2022\/10\/facebook-logo-60x60.png 60w\" sizes=\"auto, (max-width: 44px) 100vw, 44px\" \/><\/a><\/figure>\n<\/div><\/div>\n<\/div>\n","protected":false},"excerpt":{"rendered":"<p>Jak prawid\u0142owo korzysta\u0107 z menu ? &#8211; informacja dla korzystaj\u0105cych ze smartfon\u00f3w. Godziny otwarcia Pon. &#8211; Pt. 8:00 &#8211; 18:00 Sob. 9.00 &#8211; 13:00 Adres Plac Pocztowy 18 CD 64-980 &hellip; <\/p>\n","protected":false},"author":1,"featured_media":152,"parent":0,"menu_order":0,"comment_status":"closed","ping_status":"closed","template":"","meta":{"footnotes":""},"class_list":["post-131","page","type-page","status-publish","has-post-thumbnail","hentry"],"_links":{"self":[{"href":"https:\/\/www.algaesthetic.pl\/index.php\/wp-json\/wp\/v2\/pages\/131","targetHints":{"allow":["GET"]}}],"collection":[{"href":"https:\/\/www.algaesthetic.pl\/index.php\/wp-json\/wp\/v2\/pages"}],"about":[{"href":"https:\/\/www.algaesthetic.pl\/index.php\/wp-json\/wp\/v2\/types\/page"}],"author":[{"embeddable":true,"href":"https:\/\/www.algaesthetic.pl\/index.php\/wp-json\/wp\/v2\/users\/1"}],"replies":[{"embeddable":true,"href":"https:\/\/www.algaesthetic.pl\/index.php\/wp-json\/wp\/v2\/comments?post=131"}],"version-history":[{"count":31,"href":"https:\/\/www.algaesthetic.pl\/index.php\/wp-json\/wp\/v2\/pages\/131\/revisions"}],"predecessor-version":[{"id":1871,"href":"https:\/\/www.algaesthetic.pl\/index.php\/wp-json\/wp\/v2\/pages\/131\/revisions\/1871"}],"wp:featuredmedia":[{"embeddable":true,"href":"https:\/\/www.algaesthetic.pl\/index.php\/wp-json\/wp\/v2\/media\/152"}],"wp:attachment":[{"href":"https:\/\/www.algaesthetic.pl\/index.php\/wp-json\/wp\/v2\/media?parent=131"}],"curies":[{"name":"wp","href":"https:\/\/api.w.org\/{rel}","templated":true}]}}