{"id":1272,"date":"2022-11-24T20:31:03","date_gmt":"2022-11-24T19:31:03","guid":{"rendered":"https:\/\/www.algaesthetic.pl\/?page_id=1272"},"modified":"2025-04-25T17:17:44","modified_gmt":"2025-04-25T15:17:44","slug":"kwas-glutanionowy","status":"publish","type":"page","link":"https:\/\/www.algaesthetic.pl\/index.php\/kwas-glutanionowy\/","title":{"rendered":"Kwas glutationowy"},"content":{"rendered":"\n<p><strong>KWAS GLUTATIONOWY<\/strong><\/p>\n\n\n\n<p>To tripeptyd wykazuj\u0105cy dzia\u0142anie detoksykacyjne. Zapobiega uszkodzeniom spowodowanym aktywnymi formami tlenu. Glutation jest niezb\u0119dnym sk\u0142adnikiem leczenia melasmy i depigmentacji ze wzgl\u0119du na zdolno\u015b\u0107 hamowania syntezy melaniny.<\/p>\n\n\n\n<p><strong>Wskazania<\/strong>:<\/p>\n\n\n\n<ul class=\"wp-block-list\">\n<li>tr\u0105dzik<\/li>\n\n\n\n<li>nadmierna pigmentacja<\/li>\n\n\n\n<li>melazma<\/li>\n\n\n\n<li>zmarszczki mimiczne<\/li>\n\n\n\n<li>blizny<\/li>\n<\/ul>\n\n\n\n<p><strong>Cel zabiegu:<\/strong><\/p>\n\n\n\n<ul class=\"wp-block-list\">\n<li>dostarczenie sk\u00f3rze promiennego blasku<\/li>\n\n\n\n<li>redukcja por\u00f3w sk\u00f3rnych<\/li>\n\n\n\n<li>rozja\u015bnienie I zmniejszenie hiperpignentacji<\/li>\n\n\n\n<li>dzia\u0142anie ani- aging<\/li>\n\n\n\n<li>eliminacja i zapobieganie bliznom potr\u0105dzikowym<\/li>\n<\/ul>\n\n\n\n<p><strong>Przeciwwskazania<\/strong>:<\/p>\n\n\n\n<ul class=\"wp-block-list\">\n<li>ci\u0105\u017ca I okres laktacji<\/li>\n\n\n\n<li>otarcia i skaleczenia nask\u00f3rka<\/li>\n\n\n\n<li>zewn\u0119trzne i wewn\u0119trzne przyjmowanie retinoid\u00f3w<\/li>\n\n\n\n<li>alergie sk\u00f3rne<\/li>\n<\/ul>\n\n\n\n<p><strong>Cena: 30 min \/ 180z\u0142<\/strong><\/p>\n","protected":false},"excerpt":{"rendered":"<p>KWAS GLUTATIONOWY To tripeptyd wykazuj\u0105cy dzia\u0142anie detoksykacyjne. Zapobiega uszkodzeniom spowodowanym aktywnymi formami tlenu. Glutation jest niezb\u0119dnym sk\u0142adnikiem leczenia melasmy i depigmentacji ze wzgl\u0119du na zdolno\u015b\u0107 hamowania syntezy melaniny. Wskazania: Cel &hellip; <\/p>\n","protected":false},"author":1,"featured_media":152,"parent":0,"menu_order":0,"comment_status":"closed","ping_status":"closed","template":"","meta":{"footnotes":""},"class_list":["post-1272","page","type-page","status-publish","has-post-thumbnail","hentry"],"_links":{"self":[{"href":"https:\/\/www.algaesthetic.pl\/index.php\/wp-json\/wp\/v2\/pages\/1272","targetHints":{"allow":["GET"]}}],"collection":[{"href":"https:\/\/www.algaesthetic.pl\/index.php\/wp-json\/wp\/v2\/pages"}],"about":[{"href":"https:\/\/www.algaesthetic.pl\/index.php\/wp-json\/wp\/v2\/types\/page"}],"author":[{"embeddable":true,"href":"https:\/\/www.algaesthetic.pl\/index.php\/wp-json\/wp\/v2\/users\/1"}],"replies":[{"embeddable":true,"href":"https:\/\/www.algaesthetic.pl\/index.php\/wp-json\/wp\/v2\/comments?post=1272"}],"version-history":[{"count":9,"href":"https:\/\/www.algaesthetic.pl\/index.php\/wp-json\/wp\/v2\/pages\/1272\/revisions"}],"predecessor-version":[{"id":2087,"href":"https:\/\/www.algaesthetic.pl\/index.php\/wp-json\/wp\/v2\/pages\/1272\/revisions\/2087"}],"wp:featuredmedia":[{"embeddable":true,"href":"https:\/\/www.algaesthetic.pl\/index.php\/wp-json\/wp\/v2\/media\/152"}],"wp:attachment":[{"href":"https:\/\/www.algaesthetic.pl\/index.php\/wp-json\/wp\/v2\/media?parent=1272"}],"curies":[{"name":"wp","href":"https:\/\/api.w.org\/{rel}","templated":true}]}}